{"id":926,"date":"2015-01-11T20:30:05","date_gmt":"2015-01-11T19:30:05","guid":{"rendered":"http:\/\/probelokal.at\/?page_id=926"},"modified":"2024-01-15T07:14:53","modified_gmt":"2024-01-15T06:14:53","slug":"sponsorenbackup","status":"publish","type":"page","link":"http:\/\/probelokal.at\/?page_id=926","title":{"rendered":"Sponsoren_Backup"},"content":{"rendered":"<p>&nbsp;<\/p>\n<p>Wir bedanken uns recht herzlich bei unseren Sponsoren f\u00fcr die gro\u00dfz\u00fcgige Unterst\u00fctzung.<\/p>\n<p><strong>Hauptsponsoren<br \/>\n<\/strong><\/p>\n<p><a href=\"http:\/\/probelokal.at\/wp-content\/uploads\/2015\/01\/felder400-300dpi.jpg\"><img loading=\"lazy\" decoding=\"async\" class=\"alignleft size-medium wp-image-1196\" src=\"http:\/\/probelokal.at\/wp-content\/uploads\/2015\/01\/felder400-300dpi-300x155.jpg\" alt=\"felder400-300dpi\" width=\"300\" height=\"155\" \/><\/a><strong>Emil Felder<\/strong><br \/>\nA-6700 Stallehr Nr. 5<br \/>\nTel. 05552-62735<br \/>\noffice@zimmerei-felder.at<br \/>\n<a href=\"http:\/\/www.zimmerei-felder.at\" target=\"_blank\" rel=\"noopener noreferrer\">www.zimmerei-felder.at<\/a><\/p>\n<p>&nbsp;<\/p>\n<p><img loading=\"lazy\" decoding=\"async\" class=\" size-medium wp-image-1197 alignleft\" src=\"http:\/\/probelokal.at\/wp-content\/uploads\/2015\/01\/Arlberg_small-300x172.png\" alt=\"Arlberg_small\" width=\"300\" height=\"172\" \/><\/p>\n<p><strong>Arlberg Limonaden<\/strong><br \/>\nHeinrich Ganahl<br \/>\nStallehr 41<br \/>\nA-6700 Bludenz<br \/>\n<a href=\"http:\/\/www.quellfrisch.at\" target=\"_blank\" rel=\"noopener noreferrer\">www.quellfrisch.at<\/a><\/p>\n<p>&nbsp;<\/p>\n<p><strong>Standard Sponsoren<\/strong><\/p>\n<p><a href=\"http:\/\/probelokal.at\/wp-content\/uploads\/2015\/01\/manahl_ohne_adressen_small.jpg\"><img loading=\"lazy\" decoding=\"async\" class=\"alignleft size-medium wp-image-1198\" src=\"http:\/\/probelokal.at\/wp-content\/uploads\/2015\/01\/manahl_ohne_adressen_small-300x35.jpg\" alt=\"manahl_ohne_adressen_small\" width=\"300\" height=\"35\" \/><\/a><\/p>\n<p><strong>H.Manahl Ges.m.b.H.<\/strong><br \/>\nA-6700 Bludenz-Bings<br \/>\n<a href=\"http:\/\/www.manahl.at\" target=\"_blank\" rel=\"noopener noreferrer\">www.manahl.at<\/a><\/p>\n<p><img loading=\"lazy\" decoding=\"async\" class=\"alignleft size-medium wp-image-1199\" src=\"http:\/\/probelokal.at\/wp-content\/uploads\/2015\/01\/mbs_bereiche_farbig-300x166.jpg\" alt=\"mbs_bereiche_farbig\" width=\"300\" height=\"166\" \/><\/p>\n<p>Montafonerbahn Aktiengesellschaft<br \/>\nA-6780 Schruns<br \/>\nBahnhofsstra\u00dfe 15 a+b<br \/>\n<a href=\"http:\/\/www.montafonerbahn.at\" target=\"_blank\" rel=\"noopener noreferrer\">www.montafonerbahn.at<\/a><\/p>\n<p>&nbsp;<\/p>\n<p>&nbsp;<\/p>\n<p><a href=\"http:\/\/probelokal.at\/wp-content\/uploads\/2015\/01\/tschabrunlogo_e.jpg\"><img loading=\"lazy\" decoding=\"async\" class=\"alignleft size-medium wp-image-1204\" src=\"http:\/\/probelokal.at\/wp-content\/uploads\/2015\/01\/tschabrunlogo_e-300x77.jpg\" alt=\"tschabrunlogo_e\" width=\"300\" height=\"77\" \/><\/a><\/p>\n<p>Hermann Tschabrun GmbH<br \/>\nBundesstra\u00dfe 102<br \/>\nA-6830 Rankweil<br \/>\n<a href=\"http:\/\/www.tschabrun.at\" target=\"_blank\" rel=\"noopener noreferrer\">www.tschabrun.at<\/a><\/p>\n<p><strong>Individuelle Sponsoren<\/strong><\/p>\n<p><a href=\"http:\/\/probelokal.at\/wp-content\/uploads\/2015\/01\/Automotive-quer.jpg\"><img loading=\"lazy\" decoding=\"async\" class=\"alignleft size-medium wp-image-1207\" src=\"http:\/\/probelokal.at\/wp-content\/uploads\/2015\/01\/Automotive-quer-300x75.jpg\" alt=\"Automotive-quer\" width=\"300\" height=\"75\" \/><\/a>Hirschmann Automotive | Renewable Energy<br \/>\n<a href=\"http:\/\/www.hirschmann-automotive.com\" target=\"_blank\" rel=\"noopener noreferrer\">www.hirschmann-automotive.com<\/a><\/p>\n<p>&nbsp;<\/p>\n<p>M\u00f6chten auch Sie uns unterst\u00fctzen? Dann treten Sie bitte mit unserem Obmann in Verbindung.<\/p>\n<p><strong><img loading=\"lazy\" decoding=\"async\" class=\" size-full wp-image-851 alignleft\" src=\"http:\/\/probelokal.at\/wp-content\/uploads\/2015\/01\/Sascha_Walch_01.jpg\" alt=\"Sascha_Walch_01\" width=\"200\" height=\"200\" \/>Obmann<\/strong><\/p>\n<p>Sascha Walch MEd<br \/>\nZementwerkstr. 58<br \/>\n6700 Stallehr<br \/>\n+43 (0) 650 \/ 36 53 097<br \/>\n<a title=\"omann@probelokal.at\" href=\"mailto:obmann@probelokal.at\">obmann@probelokal.at<\/a><\/p>\n","protected":false},"excerpt":{"rendered":"<p>&nbsp; Wir bedanken uns recht herzlich bei unseren Sponsoren f\u00fcr die gro\u00dfz\u00fcgige Unterst\u00fctzung. Hauptsponsoren Emil Felder A-6700 Stallehr Nr. 5 Tel. 05552-62735 office@zimmerei-felder.at www.zimmerei-felder.at &nbsp; Arlberg Limonaden Heinrich Ganahl Stallehr 41 A-6700 Bludenz www.quellfrisch.at &nbsp; Standard Sponsoren H.Manahl Ges.m.b.H. A-6700 Bludenz-Bings www.manahl.at Montafonerbahn Aktiengesellschaft A-6780 Schruns Bahnhofsstra\u00dfe 15 a+b www.montafonerbahn.at &nbsp; &nbsp; Hermann Tschabrun GmbH &hellip; <a href=\"http:\/\/probelokal.at\/?page_id=926\" class=\"more-link\"><span class=\"screen-reader-text\">Sponsoren_Backup<\/span> weiterlesen <span class=\"meta-nav\">&rarr;<\/span><\/a><\/p>\n","protected":false},"author":1,"featured_media":0,"parent":0,"menu_order":0,"comment_status":"closed","ping_status":"closed","template":"","meta":{"ngg_post_thumbnail":0,"footnotes":""},"class_list":["post-926","page","type-page","status-publish","hentry"],"_links":{"self":[{"href":"http:\/\/probelokal.at\/index.php?rest_route=\/wp\/v2\/pages\/926","targetHints":{"allow":["GET"]}}],"collection":[{"href":"http:\/\/probelokal.at\/index.php?rest_route=\/wp\/v2\/pages"}],"about":[{"href":"http:\/\/probelokal.at\/index.php?rest_route=\/wp\/v2\/types\/page"}],"author":[{"embeddable":true,"href":"http:\/\/probelokal.at\/index.php?rest_route=\/wp\/v2\/users\/1"}],"replies":[{"embeddable":true,"href":"http:\/\/probelokal.at\/index.php?rest_route=%2Fwp%2Fv2%2Fcomments&post=926"}],"version-history":[{"count":0,"href":"http:\/\/probelokal.at\/index.php?rest_route=\/wp\/v2\/pages\/926\/revisions"}],"wp:attachment":[{"href":"http:\/\/probelokal.at\/index.php?rest_route=%2Fwp%2Fv2%2Fmedia&parent=926"}],"curies":[{"name":"wp","href":"https:\/\/api.w.org\/{rel}","templated":true}]}}