{"id":633,"date":"2015-01-10T16:34:20","date_gmt":"2015-01-10T15:34:20","guid":{"rendered":"http:\/\/probelokal.at\/?page_id=633"},"modified":"2024-01-15T07:14:53","modified_gmt":"2024-01-15T06:14:53","slug":"mitglieder","status":"publish","type":"page","link":"http:\/\/probelokal.at\/?page_id=633","title":{"rendered":"Alle aktiven Mitglieder"},"content":{"rendered":"\n<p><strong>Mitgliederseite der Harmoniemusik Stallehr-Bings-Radin<\/strong><\/p>\n\n\n<div class=\"wp-block-image\">\n<figure class=\"aligncenter size-large is-resized\"><a href=\"http:\/\/probelokal.at\/wp-content\/uploads\/2022\/08\/DSC05230-ARW_DxO_DeepPRIME_Himmel_neu.jpg\"><img loading=\"lazy\" decoding=\"async\" src=\"http:\/\/probelokal.at\/wp-content\/uploads\/2022\/08\/DSC05230-ARW_DxO_DeepPRIME_Himmel_neu-1024x619.jpg\" alt=\"\" class=\"wp-image-4449\" width=\"462\" height=\"279\" srcset=\"http:\/\/probelokal.at\/wp-content\/uploads\/2022\/08\/DSC05230-ARW_DxO_DeepPRIME_Himmel_neu-1024x619.jpg 1024w, http:\/\/probelokal.at\/wp-content\/uploads\/2022\/08\/DSC05230-ARW_DxO_DeepPRIME_Himmel_neu-300x181.jpg 300w, http:\/\/probelokal.at\/wp-content\/uploads\/2022\/08\/DSC05230-ARW_DxO_DeepPRIME_Himmel_neu-768x464.jpg 768w, http:\/\/probelokal.at\/wp-content\/uploads\/2022\/08\/DSC05230-ARW_DxO_DeepPRIME_Himmel_neu.jpg 1270w\" sizes=\"auto, (max-width: 462px) 100vw, 462px\" \/><\/a><\/figure><\/div>\n\n\n<p><strong>Kapellmeister<\/strong><br><div class=\"staff-member-listing kapellmeister\"><div class=\"staff-member even  last\">\r\n\t<img decoding=\"async\" class=\"staff-member-photo\" src=\"http:\/\/probelokal.at\/wp-content\/uploads\/2015\/01\/Joachim-Bitschnau.jpg\" alt=\"Joachim Bitschnau : \">\r\n\t<div class=\"staff-member-info-wrap\">\r\n\t\t<h3 class=\"staff-member-name\">Joachim Bitschnau<\/h3>\r\n\t<\/div>\r\n<\/div> <!-- Close staff-member --><\/div> <!-- Close staff-member-listing --><\/p>\n\n\n\n<p><strong>F\u00e4hnrich<\/strong><br><div class=\"staff-member-listing faehnrich\"><div class=\"staff-member even  last\">\r\n\t<img decoding=\"async\" class=\"staff-member-photo\" src=\"http:\/\/probelokal.at\/wp-content\/uploads\/2025\/10\/Jerome-Bachmann.jpg\" alt=\"Jerome Bachmann : \">\r\n\t<div class=\"staff-member-info-wrap\">\r\n\t\t<h3 class=\"staff-member-name\">Jerome Bachmann<\/h3>\r\n\t<\/div>\r\n<\/div> <!-- Close staff-member --><\/div> <!-- Close staff-member-listing --><\/p>\n\n\n\n<p><strong>Marketenderinnen<\/strong><br><div class=\"staff-member-listing marketenderin\"><div class=\"staff-member even \">\r\n\t<img decoding=\"async\" class=\"staff-member-photo\" src=\"http:\/\/probelokal.at\/wp-content\/uploads\/2025\/01\/Nadine-Fleisch-.jpg\" alt=\"Nadine Fleisch : \">\r\n\t<div class=\"staff-member-info-wrap\">\r\n\t\t<h3 class=\"staff-member-name\">Nadine Fleisch<\/h3>\r\n\t<\/div>\r\n<\/div> <!-- Close staff-member --><div class=\"staff-member odd  last\">\r\n\t<img decoding=\"async\" class=\"staff-member-photo\" src=\"http:\/\/probelokal.at\/wp-content\/uploads\/2015\/01\/Cornelia-Walch.jpg\" alt=\"Cornelia Hartner : \">\r\n\t<div class=\"staff-member-info-wrap\">\r\n\t\t<h3 class=\"staff-member-name\">Cornelia Hartner<\/h3>\r\n\t<\/div>\r\n<\/div> <!-- Close staff-member --><\/div> <!-- Close staff-member-listing --><\/p>\n\n\n\n<p><strong>Fagott<\/strong><br><div class=\"staff-member-listing fagott\"><div class=\"staff-member even  last\">\r\n\t<img decoding=\"async\" class=\"staff-member-photo\" src=\"http:\/\/probelokal.at\/wp-content\/uploads\/2019\/05\/kein-Foto.jpg\" alt=\"Kasimira Bitschnau : \">\r\n\t<div class=\"staff-member-info-wrap\">\r\n\t\t<h3 class=\"staff-member-name\">Kasimira Bitschnau<\/h3>\r\n\t<\/div>\r\n<\/div> <!-- Close staff-member --><\/div> <!-- Close staff-member-listing --><\/p>\n\n\n\n<p><strong>Fl\u00f6ten<\/strong><br><div class=\"staff-member-listing floete\"><div class=\"staff-member even \">\r\n\t<img decoding=\"async\" class=\"staff-member-photo\" src=\"http:\/\/probelokal.at\/wp-content\/uploads\/2023\/05\/Chiara-Burtscher-.jpg\" alt=\"Chiara Burtscher : \">\r\n\t<div class=\"staff-member-info-wrap\">\r\n\t\t<h3 class=\"staff-member-name\">Chiara Burtscher<\/h3>\r\n\t<\/div>\r\n<\/div> <!-- Close staff-member --><div class=\"staff-member odd \">\r\n\t<img decoding=\"async\" class=\"staff-member-photo\" src=\"http:\/\/probelokal.at\/wp-content\/uploads\/2019\/05\/kein-Foto.jpg\" alt=\"Emilia Ne\u00dfler : \">\r\n\t<div class=\"staff-member-info-wrap\">\r\n\t\t<h3 class=\"staff-member-name\">Emilia Ne\u00dfler<\/h3>\r\n\t<\/div>\r\n<\/div> <!-- Close staff-member --><div class=\"staff-member even \">\r\n\t<img decoding=\"async\" class=\"staff-member-photo\" src=\"http:\/\/probelokal.at\/wp-content\/uploads\/2023\/05\/Johanna-Hoermann.jpg\" alt=\"Johanna H\u00f6rmann : \">\r\n\t<div class=\"staff-member-info-wrap\">\r\n\t\t<h3 class=\"staff-member-name\">Johanna H\u00f6rmann<\/h3>\r\n\t<\/div>\r\n<\/div> <!-- Close staff-member --><div class=\"staff-member odd \">\r\n\t<img decoding=\"async\" class=\"staff-member-photo\" src=\"http:\/\/probelokal.at\/wp-content\/uploads\/2015\/01\/Cadine-Luger.jpg\" alt=\"Cadine Luger : \">\r\n\t<div class=\"staff-member-info-wrap\">\r\n\t\t<h3 class=\"staff-member-name\">Cadine Luger<\/h3>\r\n\t<\/div>\r\n<\/div> <!-- Close staff-member --><div class=\"staff-member even  last\">\r\n\t<img decoding=\"async\" class=\"staff-member-photo\" src=\"http:\/\/probelokal.at\/wp-content\/uploads\/2017\/07\/Leonie-Vierhauser.jpg\" alt=\"Leonie Vierhauser : \">\r\n\t<div class=\"staff-member-info-wrap\">\r\n\t\t<h3 class=\"staff-member-name\">Leonie Vierhauser<\/h3>\r\n\t<\/div>\r\n<\/div> <!-- Close staff-member --><\/div> <!-- Close staff-member-listing --><\/p>\n\n\n\n<p><strong>Klarinetten<\/strong><br><div class=\"staff-member-listing klarinette\"><div class=\"staff-member even \">\r\n\t<img decoding=\"async\" class=\"staff-member-photo\" src=\"http:\/\/probelokal.at\/wp-content\/uploads\/2022\/08\/Birtgit-Werle.jpg\" alt=\"Birgit Werle : \">\r\n\t<div class=\"staff-member-info-wrap\">\r\n\t\t<h3 class=\"staff-member-name\">Birgit Werle<\/h3>\r\n\t<\/div>\r\n<\/div> <!-- Close staff-member --><div class=\"staff-member odd \">\r\n\t<img decoding=\"async\" class=\"staff-member-photo\" src=\"http:\/\/probelokal.at\/wp-content\/uploads\/2023\/05\/Maricia-Prescher.jpg\" alt=\"Maricia Prescher : \">\r\n\t<div class=\"staff-member-info-wrap\">\r\n\t\t<h3 class=\"staff-member-name\">Maricia Prescher<\/h3>\r\n\t<\/div>\r\n<\/div> <!-- Close staff-member --><div class=\"staff-member even \">\r\n\t<img decoding=\"async\" class=\"staff-member-photo\" src=\"http:\/\/probelokal.at\/wp-content\/uploads\/2023\/05\/Ingrid-Walch.jpg\" alt=\"Ingrid Ne\u00dfler : \">\r\n\t<div class=\"staff-member-info-wrap\">\r\n\t\t<h3 class=\"staff-member-name\">Ingrid Ne\u00dfler<\/h3>\r\n\t<\/div>\r\n<\/div> <!-- Close staff-member --><div class=\"staff-member odd \">\r\n\t<img decoding=\"async\" class=\"staff-member-photo\" src=\"http:\/\/probelokal.at\/wp-content\/uploads\/2015\/01\/Joachim-Bitschnau.jpg\" alt=\"Joachim Bitschnau : \">\r\n\t<div class=\"staff-member-info-wrap\">\r\n\t\t<h3 class=\"staff-member-name\">Joachim Bitschnau<\/h3>\r\n\t<\/div>\r\n<\/div> <!-- Close staff-member --><div class=\"staff-member even \">\r\n\t<img decoding=\"async\" class=\"staff-member-photo\" src=\"http:\/\/probelokal.at\/wp-content\/uploads\/2015\/01\/Christian_Netzer-1.jpg\" alt=\"Christian Netzer : \">\r\n\t<div class=\"staff-member-info-wrap\">\r\n\t\t<h3 class=\"staff-member-name\">Christian Netzer<\/h3>\r\n\t<\/div>\r\n<\/div> <!-- Close staff-member --><div class=\"staff-member odd \">\r\n\t<img decoding=\"async\" class=\"staff-member-photo\" src=\"http:\/\/probelokal.at\/wp-content\/uploads\/2015\/01\/Erna-Bitschnau-1.jpg\" alt=\"Erna Bitschnau : \">\r\n\t<div class=\"staff-member-info-wrap\">\r\n\t\t<h3 class=\"staff-member-name\">Erna Bitschnau<\/h3>\r\n\t<\/div>\r\n<\/div> <!-- Close staff-member --><div class=\"staff-member even \">\r\n\t<img decoding=\"async\" class=\"staff-member-photo\" src=\"http:\/\/probelokal.at\/wp-content\/uploads\/2015\/01\/Martina-Vierhauser.jpg\" alt=\"Martina Barbisch : \">\r\n\t<div class=\"staff-member-info-wrap\">\r\n\t\t<h3 class=\"staff-member-name\">Martina Barbisch<\/h3>\r\n\t<\/div>\r\n<\/div> <!-- Close staff-member --><div class=\"staff-member odd \">\r\n\t<img decoding=\"async\" class=\"staff-member-photo\" src=\"http:\/\/probelokal.at\/wp-content\/uploads\/2017\/04\/Sabine-Bachmann.jpg\" alt=\"Sabine Bachmann : \">\r\n\t<div class=\"staff-member-info-wrap\">\r\n\t\t<h3 class=\"staff-member-name\">Sabine Bachmann<\/h3>\r\n\t<\/div>\r\n<\/div> <!-- Close staff-member --><div class=\"staff-member even  last\">\r\n\t<img decoding=\"async\" class=\"staff-member-photo\" src=\"http:\/\/probelokal.at\/wp-content\/uploads\/2018\/07\/Katharina-Melzer.jpg\" alt=\"Katharina Luger : \">\r\n\t<div class=\"staff-member-info-wrap\">\r\n\t\t<h3 class=\"staff-member-name\">Katharina Luger<\/h3>\r\n\t<\/div>\r\n<\/div> <!-- Close staff-member --><\/div> <!-- Close staff-member-listing --><\/p>\n\n\n\n<p><strong>Trompeten<\/strong><br><div class=\"staff-member-listing trompete\"><div class=\"staff-member even \">\r\n\t<img decoding=\"async\" class=\"staff-member-photo\" src=\"http:\/\/probelokal.at\/wp-content\/uploads\/2015\/01\/Simon-Duenser_1.jpg\" alt=\"Simon D\u00fcnser : \">\r\n\t<div class=\"staff-member-info-wrap\">\r\n\t\t<h3 class=\"staff-member-name\">Simon D\u00fcnser<\/h3>\r\n\t<\/div>\r\n<\/div> <!-- Close staff-member --><div class=\"staff-member odd \">\r\n\t<img decoding=\"async\" class=\"staff-member-photo\" src=\"http:\/\/probelokal.at\/wp-content\/uploads\/2015\/01\/Davit-Luger_1.jpg\" alt=\"David Luger : \">\r\n\t<div class=\"staff-member-info-wrap\">\r\n\t\t<h3 class=\"staff-member-name\">David Luger<\/h3>\r\n\t<\/div>\r\n<\/div> <!-- Close staff-member --><div class=\"staff-member even \">\r\n\t<img decoding=\"async\" class=\"staff-member-photo\" src=\"http:\/\/probelokal.at\/wp-content\/uploads\/2015\/01\/Markus-Micheli_1.jpg\" alt=\"Markus Micheli : \">\r\n\t<div class=\"staff-member-info-wrap\">\r\n\t\t<h3 class=\"staff-member-name\">Markus Micheli<\/h3>\r\n\t<\/div>\r\n<\/div> <!-- Close staff-member --><div class=\"staff-member odd \">\r\n\t<img decoding=\"async\" class=\"staff-member-photo\" src=\"http:\/\/probelokal.at\/wp-content\/uploads\/2015\/01\/Christine-Walch.jpg\" alt=\"Christine Burtscher : \">\r\n\t<div class=\"staff-member-info-wrap\">\r\n\t\t<h3 class=\"staff-member-name\">Christine Burtscher<\/h3>\r\n\t<\/div>\r\n<\/div> <!-- Close staff-member --><div class=\"staff-member even \">\r\n\t<img decoding=\"async\" class=\"staff-member-photo\" src=\"http:\/\/probelokal.at\/wp-content\/uploads\/2015\/02\/Manuel-Tschol.jpg\" alt=\"Manuel Tscholl : \">\r\n\t<div class=\"staff-member-info-wrap\">\r\n\t\t<h3 class=\"staff-member-name\">Manuel Tscholl<\/h3>\r\n\t<\/div>\r\n<\/div> <!-- Close staff-member --><div class=\"staff-member odd  last\">\r\n\t<img decoding=\"async\" class=\"staff-member-photo\" src=\"http:\/\/probelokal.at\/wp-content\/uploads\/2017\/04\/Stefan-Bitschnan.jpg\" alt=\"Stefan Bitschnau : \">\r\n\t<div class=\"staff-member-info-wrap\">\r\n\t\t<h3 class=\"staff-member-name\">Stefan Bitschnau<\/h3>\r\n\t<\/div>\r\n<\/div> <!-- Close staff-member --><\/div> <!-- Close staff-member-listing --><\/p>\n\n\n\n<p><strong>Fl\u00fcgelh\u00f6rner<\/strong><br><div class=\"staff-member-listing fluegelhoerner\"><div class=\"staff-member even \">\r\n\t<img decoding=\"async\" class=\"staff-member-photo\" src=\"http:\/\/probelokal.at\/wp-content\/uploads\/2023\/05\/Luca-Walch.jpg\" alt=\"Luca Walch : \">\r\n\t<div class=\"staff-member-info-wrap\">\r\n\t\t<h3 class=\"staff-member-name\">Luca Walch<\/h3>\r\n\t<\/div>\r\n<\/div> <!-- Close staff-member --><div class=\"staff-member odd \">\r\n\t<img decoding=\"async\" class=\"staff-member-photo\" src=\"http:\/\/probelokal.at\/wp-content\/uploads\/2015\/01\/Thomas-Duenser.jpg\" alt=\"Thomas D\u00fcnser : \">\r\n\t<div class=\"staff-member-info-wrap\">\r\n\t\t<h3 class=\"staff-member-name\">Thomas D\u00fcnser<\/h3>\r\n\t<\/div>\r\n<\/div> <!-- Close staff-member --><div class=\"staff-member even \">\r\n\t<img decoding=\"async\" class=\"staff-member-photo\" src=\"http:\/\/probelokal.at\/wp-content\/uploads\/2015\/01\/Willi-Bernd-Kueng.jpg\" alt=\"Willi-Bernd K\u00fcng : \">\r\n\t<div class=\"staff-member-info-wrap\">\r\n\t\t<h3 class=\"staff-member-name\">Willi-Bernd K\u00fcng<\/h3>\r\n\t<\/div>\r\n<\/div> <!-- Close staff-member --><div class=\"staff-member odd \">\r\n\t<img decoding=\"async\" class=\"staff-member-photo\" src=\"http:\/\/probelokal.at\/wp-content\/uploads\/2015\/01\/Sascha-Walch.jpg\" alt=\"Sascha Walch : \">\r\n\t<div class=\"staff-member-info-wrap\">\r\n\t\t<h3 class=\"staff-member-name\">Sascha Walch<\/h3>\r\n\t<\/div>\r\n<\/div> <!-- Close staff-member --><div class=\"staff-member even  last\">\r\n\t<img decoding=\"async\" class=\"staff-member-photo\" src=\"http:\/\/probelokal.at\/wp-content\/uploads\/2019\/05\/Marius-Walch.jpg\" alt=\"Marius Walch : \">\r\n\t<div class=\"staff-member-info-wrap\">\r\n\t\t<h3 class=\"staff-member-name\">Marius Walch<\/h3>\r\n\t<\/div>\r\n<\/div> <!-- Close staff-member --><\/div> <!-- Close staff-member-listing --><\/p>\n\n\n\n<p><strong>Tenorh\u00f6rner<\/strong><br><div class=\"staff-member-listing tenorhorn\"><div class=\"staff-member even \">\r\n\t<img decoding=\"async\" class=\"staff-member-photo\" src=\"http:\/\/probelokal.at\/wp-content\/uploads\/2019\/05\/kein-Foto.jpg\" alt=\"Linus Walch : \">\r\n\t<div class=\"staff-member-info-wrap\">\r\n\t\t<h3 class=\"staff-member-name\">Linus Walch<\/h3>\r\n\t<\/div>\r\n<\/div> <!-- Close staff-member --><div class=\"staff-member odd \">\r\n\t<img decoding=\"async\" class=\"staff-member-photo\" src=\"http:\/\/probelokal.at\/wp-content\/uploads\/2015\/01\/Bernd-Vierhauser.jpg\" alt=\"Bernhard Vierhauser : \">\r\n\t<div class=\"staff-member-info-wrap\">\r\n\t\t<h3 class=\"staff-member-name\">Bernhard Vierhauser<\/h3>\r\n\t<\/div>\r\n<\/div> <!-- Close staff-member --><div class=\"staff-member even \">\r\n\t<img decoding=\"async\" class=\"staff-member-photo\" src=\"http:\/\/probelokal.at\/wp-content\/uploads\/2015\/01\/Gerhard-Walch.jpg\" alt=\"Gerhard Walch : \">\r\n\t<div class=\"staff-member-info-wrap\">\r\n\t\t<h3 class=\"staff-member-name\">Gerhard Walch<\/h3>\r\n\t<\/div>\r\n<\/div> <!-- Close staff-member --><div class=\"staff-member odd  last\">\r\n\t<img decoding=\"async\" class=\"staff-member-photo\" src=\"http:\/\/probelokal.at\/wp-content\/uploads\/2017\/04\/Stefan-Bitschnan.jpg\" alt=\"Stefan Bitschnau : \">\r\n\t<div class=\"staff-member-info-wrap\">\r\n\t\t<h3 class=\"staff-member-name\">Stefan Bitschnau<\/h3>\r\n\t<\/div>\r\n<\/div> <!-- Close staff-member --><\/div> <!-- Close staff-member-listing --><\/p>\n\n\n\n<p><strong>Oboe<\/strong><br><div class=\"staff-member-listing oboe\"><div class=\"staff-member even \">\r\n\t<img decoding=\"async\" class=\"staff-member-photo\" src=\"http:\/\/probelokal.at\/wp-content\/uploads\/2019\/05\/kein-Foto.jpg\" alt=\"Martina Bitschnau : \">\r\n\t<div class=\"staff-member-info-wrap\">\r\n\t\t<h3 class=\"staff-member-name\">Martina Bitschnau<\/h3>\r\n\t<\/div>\r\n<\/div> <!-- Close staff-member --><div class=\"staff-member odd  last\">\r\n\t<img decoding=\"async\" class=\"staff-member-photo\" src=\"http:\/\/probelokal.at\/wp-content\/uploads\/2019\/05\/kein-Foto.jpg\" alt=\"Simone Vierhauser : \">\r\n\t<div class=\"staff-member-info-wrap\">\r\n\t\t<h3 class=\"staff-member-name\">Simone Vierhauser<\/h3>\r\n\t<\/div>\r\n<\/div> <!-- Close staff-member --><\/div> <!-- Close staff-member-listing --><\/p>\n\n\n\n<p><strong>Saxofon<br><\/strong><div class=\"staff-member-listing saxofon\"><div class=\"staff-member even  last\">\r\n\t<img decoding=\"async\" class=\"staff-member-photo\" src=\"http:\/\/probelokal.at\/wp-content\/uploads\/2019\/05\/Birgit-Duenser.jpg\" alt=\"Birgit D\u00fcnser : \">\r\n\t<div class=\"staff-member-info-wrap\">\r\n\t\t<h3 class=\"staff-member-name\">Birgit D\u00fcnser<\/h3>\r\n\t<\/div>\r\n<\/div> <!-- Close staff-member --><\/div> <!-- Close staff-member-listing --><\/p>\n\n\n\n<p><strong>H\u00f6rner<\/strong><br><div class=\"staff-member-listing horn\"><div class=\"staff-member even \">\r\n\t<img decoding=\"async\" class=\"staff-member-photo\" src=\"http:\/\/probelokal.at\/wp-content\/uploads\/2023\/05\/Katharina-Walch.jpg\" alt=\"Katharina Walch : \">\r\n\t<div class=\"staff-member-info-wrap\">\r\n\t\t<h3 class=\"staff-member-name\">Katharina Walch<\/h3>\r\n\t<\/div>\r\n<\/div> <!-- Close staff-member --><div class=\"staff-member odd \">\r\n\t<img decoding=\"async\" class=\"staff-member-photo\" src=\"http:\/\/probelokal.at\/wp-content\/uploads\/2015\/01\/Guenther-Walch.jpg\" alt=\"G\u00fcnther Walch : \">\r\n\t<div class=\"staff-member-info-wrap\">\r\n\t\t<h3 class=\"staff-member-name\">G\u00fcnther Walch<\/h3>\r\n\t<\/div>\r\n<\/div> <!-- Close staff-member --><div class=\"staff-member even  last\">\r\n\t<img decoding=\"async\" class=\"staff-member-photo\" src=\"http:\/\/probelokal.at\/wp-content\/uploads\/2017\/04\/Amelie-Vierhauser.jpg\" alt=\"Amelie Vierhauser : \">\r\n\t<div class=\"staff-member-info-wrap\">\r\n\t\t<h3 class=\"staff-member-name\">Amelie Vierhauser<\/h3>\r\n\t<\/div>\r\n<\/div> <!-- Close staff-member --><\/div> <!-- Close staff-member-listing --><\/p>\n\n\n\n<p><strong>Posaunen<\/strong><br><div class=\"staff-member-listing posaune\"><div class=\"staff-member even  last\">\r\n\t<img decoding=\"async\" class=\"staff-member-photo\" src=\"http:\/\/probelokal.at\/wp-content\/uploads\/2022\/04\/Elina-Bachmann.jpg\" alt=\"Elina Bachmann : \">\r\n\t<div class=\"staff-member-info-wrap\">\r\n\t\t<h3 class=\"staff-member-name\">Elina Bachmann<\/h3>\r\n\t<\/div>\r\n<\/div> <!-- Close staff-member --><\/div> <!-- Close staff-member-listing --><\/p>\n\n\n\n<p><strong>B\u00e4sse<\/strong><br><div class=\"staff-member-listing bass\"><div class=\"staff-member even \">\r\n\t<img decoding=\"async\" class=\"staff-member-photo\" src=\"http:\/\/probelokal.at\/wp-content\/uploads\/2015\/01\/Joachim-Bitschnau.jpg\" alt=\"Joachim Bitschnau : \">\r\n\t<div class=\"staff-member-info-wrap\">\r\n\t\t<h3 class=\"staff-member-name\">Joachim Bitschnau<\/h3>\r\n\t<\/div>\r\n<\/div> <!-- Close staff-member --><div class=\"staff-member odd \">\r\n\t<img decoding=\"async\" class=\"staff-member-photo\" src=\"http:\/\/probelokal.at\/wp-content\/uploads\/2015\/01\/Willi-Bitschnau.jpg\" alt=\"Willi Bitschnau : \">\r\n\t<div class=\"staff-member-info-wrap\">\r\n\t\t<h3 class=\"staff-member-name\">Willi Bitschnau<\/h3>\r\n\t<\/div>\r\n<\/div> <!-- Close staff-member --><div class=\"staff-member even  last\">\r\n\t<img decoding=\"async\" class=\"staff-member-photo\" src=\"http:\/\/probelokal.at\/wp-content\/uploads\/2015\/01\/Bertram-Luger.jpg\" alt=\"Bertram Luger : \">\r\n\t<div class=\"staff-member-info-wrap\">\r\n\t\t<h3 class=\"staff-member-name\">Bertram Luger<\/h3>\r\n\t<\/div>\r\n<\/div> <!-- Close staff-member --><\/div> <!-- Close staff-member-listing --><\/p>\n\n\n\n<p><strong>Schlagzeug<\/strong><br><div class=\"staff-member-listing schlagzeug\"><div class=\"staff-member even \">\r\n\t<img decoding=\"async\" class=\"staff-member-photo\" src=\"http:\/\/probelokal.at\/wp-content\/uploads\/2023\/05\/Aron-Bachmann.jpg\" alt=\"Aron Bachmann : \">\r\n\t<div class=\"staff-member-info-wrap\">\r\n\t\t<h3 class=\"staff-member-name\">Aron Bachmann<\/h3>\r\n\t<\/div>\r\n<\/div> <!-- Close staff-member --><div class=\"staff-member odd \">\r\n\t<img decoding=\"async\" class=\"staff-member-photo\" src=\"http:\/\/probelokal.at\/wp-content\/uploads\/2015\/01\/Wilfried-Duenser.jpg\" alt=\"Wilfried D\u00fcnser : \">\r\n\t<div class=\"staff-member-info-wrap\">\r\n\t\t<h3 class=\"staff-member-name\">Wilfried D\u00fcnser<\/h3>\r\n\t<\/div>\r\n<\/div> <!-- Close staff-member --><div class=\"staff-member even \">\r\n\t<img decoding=\"async\" class=\"staff-member-photo\" src=\"http:\/\/probelokal.at\/wp-content\/uploads\/2015\/01\/Markus-Luger.jpg\" alt=\"Markus Luger : \">\r\n\t<div class=\"staff-member-info-wrap\">\r\n\t\t<h3 class=\"staff-member-name\">Markus Luger<\/h3>\r\n\t<\/div>\r\n<\/div> <!-- Close staff-member --><div class=\"staff-member odd  last\">\r\n\t<img decoding=\"async\" class=\"staff-member-photo\" src=\"http:\/\/probelokal.at\/wp-content\/uploads\/2015\/01\/Michael-Netzer.jpg\" alt=\"Michael Netzer : \">\r\n\t<div class=\"staff-member-info-wrap\">\r\n\t\t<h3 class=\"staff-member-name\">Michael Netzer<\/h3>\r\n\t<\/div>\r\n<\/div> <!-- Close staff-member --><\/div> <!-- Close staff-member-listing --><\/p>\n","protected":false},"excerpt":{"rendered":"<p>Mitgliederseite der Harmoniemusik Stallehr-Bings-Radin Kapellmeister F\u00e4hnrich Marketenderinnen Fagott Fl\u00f6ten Klarinetten Trompeten Fl\u00fcgelh\u00f6rner Tenorh\u00f6rner Oboe Saxofon H\u00f6rner Posaunen B\u00e4sse Schlagzeug<\/p>\n","protected":false},"author":1,"featured_media":0,"parent":0,"menu_order":0,"comment_status":"closed","ping_status":"closed","template":"","meta":{"ngg_post_thumbnail":0,"footnotes":""},"class_list":["post-633","page","type-page","status-publish","hentry","has-post-thumbnail"],"_links":{"self":[{"href":"http:\/\/probelokal.at\/index.php?rest_route=\/wp\/v2\/pages\/633","targetHints":{"allow":["GET"]}}],"collection":[{"href":"http:\/\/probelokal.at\/index.php?rest_route=\/wp\/v2\/pages"}],"about":[{"href":"http:\/\/probelokal.at\/index.php?rest_route=\/wp\/v2\/types\/page"}],"author":[{"embeddable":true,"href":"http:\/\/probelokal.at\/index.php?rest_route=\/wp\/v2\/users\/1"}],"replies":[{"embeddable":true,"href":"http:\/\/probelokal.at\/index.php?rest_route=%2Fwp%2Fv2%2Fcomments&post=633"}],"version-history":[{"count":5,"href":"http:\/\/probelokal.at\/index.php?rest_route=\/wp\/v2\/pages\/633\/revisions"}],"predecessor-version":[{"id":4861,"href":"http:\/\/probelokal.at\/index.php?rest_route=\/wp\/v2\/pages\/633\/revisions\/4861"}],"wp:attachment":[{"href":"http:\/\/probelokal.at\/index.php?rest_route=%2Fwp%2Fv2%2Fmedia&parent=633"}],"curies":[{"name":"wp","href":"https:\/\/api.w.org\/{rel}","templated":true}]}}