{"id":3360,"date":"2019-03-15T15:20:06","date_gmt":"2019-03-15T14:20:06","guid":{"rendered":"http:\/\/probelokal.at\/?page_id=3360"},"modified":"2024-01-15T07:14:53","modified_gmt":"2024-01-15T06:14:53","slug":"sponsoren-2","status":"publish","type":"page","link":"http:\/\/probelokal.at\/?page_id=3360","title":{"rendered":"Sponsoren"},"content":{"rendered":"\n<p>Wir bedanken uns recht herzlich bei unseren Sponsoren f\u00fcr die gro\u00dfz\u00fcgige Unterst\u00fctzung.<\/p>\n\n\n\n<div class=\"wp-block-image\"><figure class=\"alignleft\"><a href=\"https:\/\/aut.sika.com\/\" target=\"_blank\" rel=\"noreferrer noopener\"><img decoding=\"async\" src=\"http:\/\/probelokal.at\/wp-content\/uploads\/2019\/03\/Sika_compact.jpg\" alt=\"\" class=\"wp-image-3412\"\/><\/a><\/figure><\/div>\n\n\n\n<pre class=\"wp-block-verse\"><strong>Sika \u00d6sterreich GmbH<\/strong><br>Bingser Dorfstra\u00dfe 23<br>A-6700 Bludenz<br><a href=\"https:\/\/aut.sika.com\/\" target=\"_blank\" rel=\"noreferrer noopener\" aria-label=\"www.aut.sika.com (\u00f6ffnet in neuem Tab)\">www.aut.sika.com<\/a><\/pre>\n\n\n\n<div style=\"height:20px\" aria-hidden=\"true\" class=\"wp-block-spacer\"><\/div>\n\n\n\n<div class=\"wp-block-image\"><figure class=\"alignleft\"><a href=\"http:\/\/www.stallehr.at\" target=\"_blank\" rel=\"noreferrer noopener\"><img decoding=\"async\" src=\"http:\/\/probelokal.at\/wp-content\/uploads\/2019\/04\/GemeindeStallehr1.jpg\" alt=\"\" class=\"wp-image-3430\"\/><\/a><\/figure><\/div>\n\n\n\n<pre class=\"wp-block-verse\"><strong>Gemeinde Stallehr<\/strong><br>Stallehr 19<br>A-6700 Stallehr<br><a href=\"http:\/\/www.stallehr.at\" target=\"_blank\" rel=\"noreferrer noopener\" aria-label=\"www.stallehr.at (\u00f6ffnet in neuem Tab)\">www.stallehr.at<\/a><\/pre>\n\n\n\n<div style=\"height:20px\" aria-hidden=\"true\" class=\"wp-block-spacer\"><\/div>\n\n\n\n<div class=\"wp-block-image\"><figure class=\"alignleft\"><a href=\"https:\/\/www.raiba-bludenz-montafon.at\" target=\"_blank\" rel=\"noreferrer noopener\"><img decoding=\"async\" src=\"http:\/\/probelokal.at\/wp-content\/uploads\/2019\/04\/Raiba_Montafon.jpg\" alt=\"\" class=\"wp-image-3433\"\/><\/a><\/figure><\/div>\n\n\n\n<pre class=\"wp-block-verse\"><strong>Raiffeisenbank Bludenz-Montafon<\/strong><br>Werdenbergerstra\u00dfe 9<br>A-6700 Bludenz<br><a rel=\"noreferrer noopener\" aria-label=\"www.raiba-bludenz-montafon.at (\u00f6ffnet in neuem Tab)\" href=\"https:\/\/www.raiba-bludenz-montafon.at\" target=\"_blank\">www.raiba-bludenz-montafon.at<\/a><a href=\"https:\/\/www.raiba-bludenz-montafon.at\/\"><\/a><\/pre>\n\n\n\n<div style=\"height:20px\" aria-hidden=\"true\" class=\"wp-block-spacer\"><\/div>\n\n\n\n<div class=\"wp-block-image\"><figure class=\"alignleft\"><a href=\"http:\/\/www.brugger.at\/\" target=\"_blank\" rel=\"noreferrer noopener\"><img decoding=\"async\" src=\"http:\/\/probelokal.at\/wp-content\/uploads\/2019\/05\/Brugger.jpg\" alt=\"\" class=\"wp-image-3619\"\/><\/a><\/figure><\/div>\n\n\n\n<pre class=\"wp-block-verse\"><strong>Dr. Brugger &amp; Partner ZT GmbH<\/strong><br>Klarenbrunnstra\u00dfe 12<br>A-6700 Bludenz<br><a rel=\"noreferrer noopener\" aria-label=\"www.brugger.at (\u00f6ffnet in neuem Tab)\" href=\"http:\/\/www.brugger.at\/\" target=\"_blank\">www.brugger.at<\/a><\/pre>\n\n\n\n<div style=\"height:20px\" aria-hidden=\"true\" class=\"wp-block-spacer\"><\/div>\n\n\n\n<div class=\"wp-block-image\"><figure class=\"alignleft\"><a href=\"http:\/\/www.arlberg.limo\/\" target=\"_blank\" rel=\"noreferrer noopener\"><img decoding=\"async\" src=\"http:\/\/probelokal.at\/wp-content\/uploads\/2019\/05\/Arlberg-Getraenke.png\" alt=\"\" class=\"wp-image-3614\"\/><\/a><\/figure><\/div>\n\n\n\n<pre class=\"wp-block-verse\"><strong>Arlberg Getr\u00e4nke GmbH &amp; Co KG<\/strong><br>Stallehr 41<br>A-6700 Bludenz<br><a href=\"http:\/\/www.arlberg.limo\" target=\"_blank\" rel=\"noreferrer noopener\" aria-label=\" (\u00f6ffnet in neuem Tab)\">www.arlberg.limo<\/a><\/pre>\n\n\n\n<div style=\"height:20px\" aria-hidden=\"true\" class=\"wp-block-spacer\"><\/div>\n\n\n\n<div class=\"wp-block-image\"><figure class=\"alignleft\"><a href=\"https:\/\/www.bsl-vlbg.at\/\" target=\"_blank\" rel=\"noreferrer noopener\"><img decoding=\"async\" src=\"http:\/\/probelokal.at\/wp-content\/uploads\/2019\/04\/BSL_Logo.jpg\" alt=\"\" class=\"wp-image-3421\"\/><\/a><\/figure><\/div>\n\n\n\n<pre class=\"wp-block-verse\"><strong>BSL - Brech- und Siebwerk Lor\u00fcns<\/strong><br>GesmbH &amp; Co KG<br>Brunnenfelderstrasse 59<br>A-6700 Bludenz<br><a rel=\"noreferrer noopener\" aria-label=\"www.bsl-vlbg.at (\u00f6ffnet in neuem Tab)\" href=\"https:\/\/www.bsl-vlbg.at\/\" target=\"_blank\">www.bsl-vlbg.at<\/a><\/pre>\n\n\n\n<div style=\"height:20px\" aria-hidden=\"true\" class=\"wp-block-spacer\"><\/div>\n\n\n\n<div class=\"wp-block-image\"><figure class=\"alignleft\"><a href=\"https:\/\/www.transbeton-vlbg.at\/\" target=\"_blank\" rel=\"noreferrer noopener\"><img decoding=\"async\" src=\"http:\/\/probelokal.at\/wp-content\/uploads\/2019\/04\/Transbeton.jpg\" alt=\"\" class=\"wp-image-3424\"\/><\/a><\/figure><\/div>\n\n\n\n<pre class=\"wp-block-verse\"><strong>Transbeton GesmbH &amp; Co KG<\/strong><br>Brunnenfelderstrasse 59<br>A-6700 Bludenz<br><a rel=\"noreferrer noopener\" aria-label=\"www.transbeton-vlbg.at (\u00f6ffnet in neuem Tab)\" href=\"https:\/\/www.transbeton-vlbg.at\/\" target=\"_blank\">www.transbeton-vlbg.at<\/a><\/pre>\n\n\n\n<div style=\"height:20px\" aria-hidden=\"true\" class=\"wp-block-spacer\"><\/div>\n\n\n\n<div class=\"wp-block-image\"><figure class=\"alignleft is-resized\"><a href=\"http:\/\/www.montfortgarage.at\" target=\"_blank\" rel=\"noreferrer noopener\"><img decoding=\"async\" src=\"http:\/\/probelokal.at\/wp-content\/uploads\/2019\/03\/MontfortGarage.jpg\" alt=\"\" class=\"wp-image-3394\" width=\"400\"\/><\/a><\/figure><\/div>\n\n\n\n<pre class=\"wp-block-verse\"><strong>Montfort Garage G\u00f6tzis B\u00fcrs<\/strong><br>Dr. Alfons-Heinzlestra\u00dfe 115<br>A-6840 G\u00f6tzis<br><a rel=\"noreferrer noopener\" href=\"http:\/\/www.montfortgarage.at\/\" target=\"_blank\">www.montfortgarage.at<\/a> <\/pre>\n\n\n\n<div style=\"height:20px\" aria-hidden=\"true\" class=\"wp-block-spacer\"><\/div>\n\n\n\n<div class=\"wp-block-image\"><figure class=\"alignleft\"><a href=\"https:\/\/www.bertsch.at\" target=\"_blank\" rel=\"noreferrer noopener\"><img decoding=\"async\" src=\"http:\/\/probelokal.at\/wp-content\/uploads\/2019\/07\/Bertsch.jpg\" alt=\"\" class=\"wp-image-3696\"\/><\/a><\/figure><\/div>\n\n\n\n<pre class=\"wp-block-verse\"><strong>Bertsch Holding GmbH<\/strong><br>Herrengasse 23<br>A-6700 Bludenz<br><a rel=\"noreferrer noopener\" href=\"https:\/\/www.bertsch.at\/\" target=\"_blank\">www.bertsch.at<\/a> <\/pre>\n\n\n\n<div style=\"height:20px\" aria-hidden=\"true\" class=\"wp-block-spacer\"><\/div>\n\n\n\n<div class=\"wp-block-image\"><figure class=\"alignleft\"><a href=\"http:\/\/www.tomaselligabriel.at\" target=\"_blank\" rel=\"noreferrer noopener\"><img decoding=\"async\" src=\"http:\/\/probelokal.at\/wp-content\/uploads\/2019\/06\/TomaselliGabriel.jpg\" alt=\"\" class=\"wp-image-3686\"\/><\/a><\/figure><\/div>\n\n\n\n<pre class=\"wp-block-verse\"><strong>Tomaselli Gabriel Bau<\/strong><br>Bahnhofstra\u00dfe 26<br>6710 Nenzing<br><a rel=\"noreferrer noopener\" href=\"http:\/\/www.tomaselligabriel.at\/\" target=\"_blank\">www.tomaselligabriel.at<\/a> <\/pre>\n\n\n\n<div style=\"height:20px\" aria-hidden=\"true\" class=\"wp-block-spacer\"><\/div>\n\n\n\n<div class=\"wp-block-image\"><figure class=\"alignleft is-resized\"><a href=\"http:\/\/www.kaplina.at\/\" target=\"_blank\" rel=\"noreferrer noopener\"><img decoding=\"async\" src=\"http:\/\/probelokal.at\/wp-content\/uploads\/2019\/03\/Kaplina.jpg\" alt=\"\" class=\"wp-image-3383\" width=\"400\"\/><\/a><\/figure><\/div>\n\n\n\n<pre class=\"wp-block-verse\"><strong>Kaplina Engineering GmbH &amp; Co KG<\/strong><br>Herrengasse 41<br>A-6700 Bludenz<br><a href=\"http:\/\/www.kaplina.at\" target=\"_blank\" rel=\"noreferrer noopener\" aria-label=\"www.kaplina.at (\u00f6ffnet in neuem Tab)\">www.kaplina.at<\/a><\/pre>\n\n\n\n<div style=\"height:20px\" aria-hidden=\"true\" class=\"wp-block-spacer\"><\/div>\n\n\n\n<div class=\"wp-block-image\"><figure class=\"alignleft\"><a href=\"https:\/\/www.hobelwerk-walch.at\/\" target=\"_blank\" rel=\"noreferrer noopener\"><img decoding=\"async\" src=\"http:\/\/probelokal.at\/wp-content\/uploads\/2019\/03\/Walch.jpg\" alt=\"\" class=\"wp-image-3391\"\/><\/a><\/figure><\/div>\n\n\n\n<pre class=\"wp-block-verse\"><strong>Walch G\u00fcnther Hobelwerk GmbH<\/strong><br>Christine &amp; Gerhard Walch<br>Karenbrunnstra\u00dfe 113<br>A-6700 Bludenz<br><a href=\"https:\/\/www.hobelwerk-walch.at\/\" target=\"_blank\" rel=\"noreferrer noopener\" aria-label=\"www.hobelwerk-walch.at (\u00f6ffnet in neuem Tab)\">www.hobelwerk-walch.at<\/a><\/pre>\n\n\n\n<div style=\"height:100px\" aria-hidden=\"true\" class=\"wp-block-spacer\"><\/div>\n\n\n\n<hr class=\"wp-block-separator\"\/>\n\n\n\n<p>M\u00f6chten auch Sie uns unterst\u00fctzen?<br>Dann treten Sie bitte mit unserem Obmann in Verbindung.<\/p>\n\n\n\n<div class=\"wp-block-image\"><figure class=\"alignleft\"><img decoding=\"async\" src=\"http:\/\/probelokal.at\/wp-content\/uploads\/2015\/01\/Sascha_Walch_01.jpg\" alt=\"\" class=\"wp-image-851\"\/><\/figure><\/div>\n\n\n\n<p><strong>Obmann<\/strong><\/p>\n\n\n\n<p>Sascha Walch MEd<br>Zementwerkstra\u00dfe 58<br>6700 Stallehr<br>+43 (0) 650 \/ 36 53 097<br>obmann@probelokal.at<\/p>\n","protected":false},"excerpt":{"rendered":"<p>Wir bedanken uns recht herzlich bei unseren Sponsoren f\u00fcr die gro\u00dfz\u00fcgige Unterst\u00fctzung. Sika \u00d6sterreich GmbHBingser Dorfstra\u00dfe 23A-6700 Bludenzwww.aut.sika.com Gemeinde StallehrStallehr 19A-6700 Stallehrwww.stallehr.at Raiffeisenbank Bludenz-MontafonWerdenbergerstra\u00dfe 9A-6700 Bludenzwww.raiba-bludenz-montafon.at Dr. Brugger &amp; Partner ZT GmbHKlarenbrunnstra\u00dfe 12A-6700 Bludenzwww.brugger.at Arlberg Getr\u00e4nke GmbH &amp; Co KGStallehr 41A-6700 Bludenzwww.arlberg.limo BSL &#8211; Brech- und Siebwerk Lor\u00fcnsGesmbH &amp; Co KGBrunnenfelderstrasse 59A-6700 Bludenzwww.bsl-vlbg.at Transbeton GesmbH &hellip; <a href=\"http:\/\/probelokal.at\/?page_id=3360\" class=\"more-link\"><span class=\"screen-reader-text\">Sponsoren<\/span> weiterlesen <span class=\"meta-nav\">&rarr;<\/span><\/a><\/p>\n","protected":false},"author":1,"featured_media":0,"parent":0,"menu_order":0,"comment_status":"closed","ping_status":"closed","template":"page-templates\/full-width.php","meta":{"ngg_post_thumbnail":0,"footnotes":""},"class_list":["post-3360","page","type-page","status-publish","hentry"],"_links":{"self":[{"href":"http:\/\/probelokal.at\/index.php?rest_route=\/wp\/v2\/pages\/3360","targetHints":{"allow":["GET"]}}],"collection":[{"href":"http:\/\/probelokal.at\/index.php?rest_route=\/wp\/v2\/pages"}],"about":[{"href":"http:\/\/probelokal.at\/index.php?rest_route=\/wp\/v2\/types\/page"}],"author":[{"embeddable":true,"href":"http:\/\/probelokal.at\/index.php?rest_route=\/wp\/v2\/users\/1"}],"replies":[{"embeddable":true,"href":"http:\/\/probelokal.at\/index.php?rest_route=%2Fwp%2Fv2%2Fcomments&post=3360"}],"version-history":[{"count":0,"href":"http:\/\/probelokal.at\/index.php?rest_route=\/wp\/v2\/pages\/3360\/revisions"}],"wp:attachment":[{"href":"http:\/\/probelokal.at\/index.php?rest_route=%2Fwp%2Fv2%2Fmedia&parent=3360"}],"curies":[{"name":"wp","href":"https:\/\/api.w.org\/{rel}","templated":true}]}}