{"id":21,"date":"2015-01-03T14:20:29","date_gmt":"2015-01-03T13:20:29","guid":{"rendered":"http:\/\/probelokal.at\/?page_id=21"},"modified":"2026-02-25T19:34:57","modified_gmt":"2026-02-25T18:34:57","slug":"fotos","status":"publish","type":"page","link":"http:\/\/probelokal.at\/?page_id=21","title":{"rendered":"Fotos"},"content":{"rendered":"<h1>Hier findest du eine Auswahl an Links zu unseren Online Fotoalben bei Google Fotos<\/h1>\n<h1>2026<\/h1>\n<p>21.02 <a href=\"https:\/\/photos.app.goo.gl\/wrV1S2E9SCC6pc6t8\" target=\"_blank\" rel=\"noopener\">Funken<\/a><br \/>\n14.02 <a href=\"https:\/\/photos.app.goo.gl\/goMHgkRWsFCWD74Y7\" target=\"_blank\" rel=\"noopener\">Kinderfasnat<\/a><br \/>\n06.02 <a href=\"https:\/\/photos.app.goo.gl\/VTErjT7RLNRwBYua6\" target=\"_blank\" rel=\"noopener\">Musikball<\/a><br \/>\n20.01 <a href=\"https:\/\/photos.app.goo.gl\/WPiMYdaVbmtu6BCPA\" target=\"_blank\" rel=\"noopener\">Generalversammlung<\/a><\/p>\n<h1>2025<\/h1>\n<p>27.09 <a href=\"https:\/\/photos.app.goo.gl\/Fuexx1j2rntYyCgH8\" target=\"_blank\" rel=\"noopener\">Ehrungsabend im Alpengastof Muttersberg<\/a><br \/>\n07.09 <a href=\"https:\/\/photos.app.goo.gl\/fstUJZR6tYTh7cax5\" target=\"_blank\" rel=\"noopener\">Brozer Herbstfest &#8222;ZW\u00dcSCHAT BLECH UND B\u00c4NK&#8220;<\/a><br \/>\n31,08 <a href=\"https:\/\/photos.app.goo.gl\/WnMC6eTa1eGzz9R88\" target=\"_blank\" rel=\"noopener\">Er\u00f6ffnung des neuen Feuerwehrhauses der OF Bings-Stallehr<\/a><br \/>\n25.07 <a href=\"https:\/\/photos.app.goo.gl\/m7uW5XLrZ8JdnWQB6\" target=\"_blank\" rel=\"noopener\">Arlberger Musikfest in Lech<\/a><br \/>\n15,06 <a href=\"https:\/\/photos.app.goo.gl\/geHRQTJbsQ4WvAyq6\" target=\"_blank\" rel=\"noopener\">Jungmusik erhielt Fahne<\/a><br \/>\n10.05 <a href=\"https:\/\/photos.app.goo.gl\/TaaAKVyDiWNjuBds6\" target=\"_blank\" rel=\"noopener\">Muttertagskonzert<\/a><br \/>\n04.04 <a href=\"https:\/\/photos.app.goo.gl\/NzLYkZXCJ72hLDnt8\" target=\"_blank\" rel=\"noopener\">Gemeindest\u00e4ndchen &#8211;&nbsp;Konstituierende Sitzung<\/a><br \/>\n07.02 <a href=\"https:\/\/photos.app.goo.gl\/2zjXr1pJtP31SPvg6\" target=\"_blank\" rel=\"noopener\">Musikball 2025<\/a><\/p>\n<p>&nbsp;<\/p>\n<h1>2024<\/h1>\n<p>28.09 <a href=\"https:\/\/photos.app.goo.gl\/S4ptqguEjxSRJb9j8\" target=\"_blank\" rel=\"noopener\">Ehrungsabend Blasmusikbezirk Bludenz<\/a><br \/>\n11.05 <a href=\"https:\/\/photos.app.goo.gl\/MDDkhgYinGTinUoeA\" target=\"_blank\" rel=\"noopener\">Muttertagskonzert<\/a><br \/>\n10.02 <a href=\"https:\/\/photos.app.goo.gl\/bJ1fKh89gnjo2Crh6\" target=\"_blank\" rel=\"noopener\">Kinderfasnatumzug 2024<\/a><\/p>\n<h1>2023<\/h1>\n<p>17.07 <a href=\"https:\/\/photos.app.goo.gl\/abjNSLaRu1hGqxkD6\">Geburtstag German Stemmer<\/a><br \/>\n01.07 <a href=\"https:\/\/photos.app.goo.gl\/2WBccVFRBVBxYG6H8\">Bezirksmusikfest&nbsp; St. Gallenkirch<\/a><br \/>\n13.05<a href=\"https:\/\/photos.app.goo.gl\/Hpa88YsN9XfGVAGVA\"> Muttertagskonzert<\/a><br \/>\n07.05 <a href=\"https:\/\/photos.app.goo.gl\/fD8b9eRhuRmMJRtw5\">Tag der Blasmusik<\/a><br \/>\n25.02 <a href=\"https:\/\/photos.app.goo.gl\/pb43bfHLAZYqmaWo8\">Funken &#8211; Bings<\/a><br \/>\n23.02 <a href=\"https:\/\/photos.app.goo.gl\/N8MeUBAQdcvhiRf28\">70er Ernst Bitschnau<\/a><br \/>\n20.02 <a href=\"https:\/\/photos.app.goo.gl\/f7SyPjgcpw25dRGA6\">Kinderfasnatumzug Bings<\/a><br \/>\n03.02 <a href=\"https:\/\/photos.app.goo.gl\/vvFy696QD93wdahn7\">Musikball<\/a><br \/>\n17.01 <a href=\"https:\/\/photos.app.goo.gl\/ZaV2MWrxkCiuen866\">Generalversammlung<\/a><\/p>\n<h1><strong>2022<\/strong><\/h1>\n<p>03.09 &nbsp;<a href=\"https:\/\/photos.app.goo.gl\/PjQQd2NzYmf3TM2h8\">Er\u00f6ffnung des neuen Spiel- und Festplatzes<\/a><br \/>\n15.07&nbsp; <a href=\"https:\/\/photos.app.goo.gl\/Sw3Hrs5ck9E78NR5A\">Bezirksfeuerwehrfest N\u00fcziders<\/a><br \/>\n0705&nbsp; &nbsp;<a href=\"https:\/\/photos.app.goo.gl\/Z1yAy7hvhUSvJNwq7\">Muttertagskonzert<\/a><br \/>\n14.01 <a href=\"https:\/\/photos.app.goo.gl\/KadvqR7akj4J15iG7\" target=\"_blank\" rel=\"noopener\">Generalversammlung<\/a><\/p>\n<h1>2021<\/h1>\n<p>09.10 <a href=\"https:\/\/photos.app.goo.gl\/aNTfiMWCRLGkpSQAA\" target=\"_blank\" rel=\"noopener\">Ehrungsabend Blasmusikbezirk Bludenz<\/a><br \/>\n08.09 <a href=\"https:\/\/photos.app.goo.gl\/rediU19vyCkMu3z26\" target=\"_blank\" rel=\"noopener\">Geburtstag Ehrenkapellmeister Willi Bitschnau<\/a><br \/>\n23.07 <a href=\"https:\/\/photos.app.goo.gl\/rediU19vyCkMu3z26\" target=\"_blank\" rel=\"noopener\">St\u00e4ndchen f\u00fcr Ehrenmitglied Herbert Hebein<\/a><br \/>\n10.07 <a href=\"https:\/\/photos.app.goo.gl\/GG8mRoJ1J9SxaLgeA\" target=\"_blank\" rel=\"noopener\">L\u00e4ttleschie\u00dfen der Funkenzunft<\/a><br \/>\n03.07 <a href=\"https:\/\/photos.app.goo.gl\/8RxruiPR5GaYVDzy8\" target=\"_blank\" rel=\"noopener\">Hochzeit von Coline &amp; Simon<\/a><br \/>\n05.09 <a href=\"https:\/\/photos.app.goo.gl\/dtWCnewXDzq7dHk8A\" target=\"_blank\" rel=\"noopener\">Feuerwehr neues Fahrzeug<\/a><\/p>\n<h1>2020<\/h1>\n<p>02.10 <a href=\"https:\/\/photos.app.goo.gl\/39AfmLY1fpTtfdTP7\" target=\"_blank\" rel=\"noopener\">Hochzeit Christine und Hannes<\/a><br \/>\n29.02 <a href=\"https:\/\/photos.app.goo.gl\/53QggC38maSUKtog7\" target=\"_blank\" rel=\"noopener\">Funken<\/a><br \/>\n22.02 <a href=\"https:\/\/photos.app.goo.gl\/iFZWEpD24yueyAMo9\" target=\"_blank\" rel=\"noopener\">Kinderfasnat<\/a><br \/>\n07.02 <a href=\"https:\/\/photos.app.goo.gl\/pJ78D8wGDa2HW4g38\" target=\"_blank\" rel=\"noopener\">Musikball<\/a><br \/>\n17.02 <a href=\"https:\/\/photos.app.goo.gl\/joBMbQDgNac7jFFg7\" target=\"_blank\" rel=\"noopener\">Generalversammlung<\/a><\/p>\n<h1>2019<\/h1>\n<p>05.10 <a href=\"https:\/\/photos.app.goo.gl\/zC99ybzYX7cruLUn9\" target=\"_blank\" rel=\"noopener\">Goldene Hochzeit Brigitte und Helmut<\/a><br \/>\n14.09 <a href=\"https:\/\/photos.app.goo.gl\/k8Nfqpx3FCZUEkWv8\" target=\"_blank\" rel=\"noopener\">Bezirksl\u00e4ttleschie\u00dfen der Funkenzunft<\/a><br \/>\n15.08 <a href=\"https:\/\/photos.app.goo.gl\/BZsD2SEhSjV3Vh2y5\" target=\"_blank\" rel=\"noopener\">Geburtstagsst\u00e4ndchen Edmund Jenny<\/a><br \/>\n29.06 Weinfest 29-30. Juni 2019<br \/>\n&nbsp; &nbsp; &nbsp; &nbsp; &nbsp; <a href=\"https:\/\/photos.app.goo.gl\/VzhewqTtzkTaivR37\" target=\"_blank\" rel=\"noopener\">Foto Cadine Luger am Samstag<\/a><a href=\"https:\/\/photos.app.goo.gl\/ByfWz3WD2CqEqSe67\"><br \/>\n<\/a>&nbsp; &nbsp; &nbsp; &nbsp; &nbsp; <a href=\"https:\/\/photos.app.goo.gl\/ByfWz3WD2CqEqSe67\" target=\"_blank\" rel=\"noopener\">Foto Cadine Luger am Sonntag<\/a><br \/>\n&nbsp; &nbsp; &nbsp; &nbsp; &nbsp; <a href=\"https:\/\/photos.app.goo.gl\/TtAu18u6D49yppw56\" target=\"_blank\" rel=\"noopener\">Foto Doris Burtscher am Sonntag<\/a><br \/>\n12.05 <a href=\"https:\/\/photos.app.goo.gl\/9WQCJ3u7LBD64Qu19\" target=\"_blank\" rel=\"noopener\">Muttertagskonzert<\/a><br \/>\n19.01 <a href=\"https:\/\/photos.app.goo.gl\/LShV22LM32zZNLRMA\" target=\"_blank\" rel=\"noopener\">Generalversammlung<\/a><\/p>\n<h1>2018<\/h1>\n<p>22.07&nbsp; <a href=\"https:\/\/photos.app.goo.gl\/Js8FjeHKbuNXLjxj8\" target=\"_blank\" rel=\"noopener\">Bezirksfeuerwehrfest Stallehr<\/a><br \/>\n30.06&nbsp; <a href=\"https:\/\/photos.app.goo.gl\/ixn84AZGUmriHcuB8\" target=\"_blank\" rel=\"noopener\">Bezirksmusikfest Wald<\/a><br \/>\n17.06&nbsp; <a href=\"https:\/\/photos.app.goo.gl\/b9y2EBF2EAa9LpBNA\" target=\"_blank\" rel=\"noopener\">Bezirksmusikfest Gantschier<\/a><br \/>\n31.05&nbsp; <a href=\"https:\/\/photos.app.goo.gl\/WdrAi3nkrUVYkEa99\" target=\"_blank\" rel=\"noopener\">Musikausflug 2018<\/a><br \/>\n14.04&nbsp;&nbsp;<a href=\"https:\/\/photos.app.goo.gl\/98VeptmUzqRzh9gh9\" target=\"_blank\" rel=\"noopener\">Parkfest der Stadtmusik Bludenz<\/a><br \/>\n31.03&nbsp; <a href=\"https:\/\/photos.app.goo.gl\/bbHC5utwUNNq9JJ03\" target=\"_blank\" rel=\"noopener\">Geburtstagsst\u00e4ndchen unserem Wilfried<\/a><br \/>\n17.02&nbsp; <a href=\"https:\/\/photos.app.goo.gl\/BeBf0kjYltR0Np7i1\" target=\"_blank\" rel=\"noopener\">Funken 2018<\/a><br \/>\n10.02&nbsp; <a href=\"https:\/\/photos.app.goo.gl\/DtDr8ziVtdiKXSnu2\" target=\"_blank\" rel=\"noopener\">Kinderfasnatumzug 2018<\/a><br \/>\n02.02&nbsp;&nbsp;<a href=\"https:\/\/photos.app.goo.gl\/HQql8KwCQDsSjssw1\" target=\"_blank\" rel=\"noopener\">Musikball 2018<\/a><br \/>\n20.01&nbsp; <a href=\"https:\/\/photos.app.goo.gl\/TE8iNqYVrK5WScyG2\" target=\"_blank\" rel=\"noopener\">90. Geburtstag von Josefine Bitschnau<\/a><br \/>\n15.01&nbsp;&nbsp;<a href=\"https:\/\/photos.app.goo.gl\/Jc1qSkfwHCMt2Duw1\" target=\"_blank\" rel=\"noopener\">Generalversammlung<\/a><\/p>\n<h6>&nbsp;<\/h6>\n<h1>2017<\/h1>\n<p>24.12&nbsp; <a href=\"https:\/\/photos.app.goo.gl\/yTyKxDVmgRPoZcBg2\" target=\"_blank\" rel=\"noopener\">Friedenslicht aus Betlehem<\/a><br \/>\n19.06&nbsp;&nbsp;<a href=\"https:\/\/photos.app.goo.gl\/2S5XmA0DmyeJ8u3i2\" target=\"_blank\" rel=\"noopener\">Hochzeit von Katharina &amp; Michael<\/a><br \/>\n08.09 &nbsp;<a href=\"https:\/\/photos.app.goo.gl\/kmikYJSGoiP2UBf83\" target=\"_blank\" rel=\"noopener\">Die Jungmusik im Waldseilpark<\/a><br \/>\n11.08&nbsp; <a href=\"https:\/\/photos.app.goo.gl\/1FxVlV7ewoQCRdDl1\" target=\"_blank\" rel=\"noopener\">Hochzeit von Vanessa und Martin<\/a><br \/>\n11.08 &nbsp;<a href=\"https:\/\/goo.gl\/photos\/eUSmtTyr9behSSZWA\" target=\"_blank\" rel=\"noopener\">Hochzeit von Anja &amp; Wolfi<\/a><br \/>\n16.07 &nbsp;<a href=\"https:\/\/photos.app.goo.gl\/jESVgn6j4VNBo3962\" target=\"_blank\" rel=\"noopener\">Bezirksfeuerwehrfest 2017 Braz<\/a><br \/>\n24.06 &nbsp;<a href=\"https:\/\/photos.app.goo.gl\/RLMmAXWhv9pCfZkL2\" target=\"_blank\" rel=\"noopener\">L\u00e4ttleschie\u00dfen der Funkenzunft<\/a><br \/>\n16.06 &nbsp;<a href=\"https:\/\/photos.app.goo.gl\/j8RDj2EKUSJ5P4Q23\" target=\"_blank\" rel=\"noopener\">Geburtstag Christine und G\u00fcnther Walch<\/a><br \/>\n13.05 &nbsp;<a href=\"https:\/\/photos.app.goo.gl\/2NWyzZBv7CWoy29n1\">Muttertagskonzert 2017<\/a><br \/>\n30.04 &nbsp;<a href=\"https:\/\/goo.gl\/photos\/gAyMSRE7CL62nfTt5\" target=\"_blank\" rel=\"noopener\">Erstkommunion in Bings<\/a><br \/>\n04.03 <a href=\"https:\/\/goo.gl\/photos\/1n5VJzM4k4wfe4cD9\" target=\"_blank\" rel=\"noopener\">&nbsp;Funken 2017<\/a><br \/>\n25.02<a href=\"https:\/\/goo.gl\/photos\/sGAJPAsKXooRWfzu5\" target=\"_blank\" rel=\"noopener\"> &nbsp;Kinderfasnatumzug &nbsp;2017<\/a><a href=\"https:\/\/goo.gl\/photos\/4kj7ayJYn93iT81M9\"><br \/>\n1<\/a>0.02 &nbsp;<a href=\"https:\/\/goo.gl\/photos\/kgsnmmbq95quMeRx8\" target=\"_blank\" rel=\"noopener\">Musikball 2017<\/a><br \/>\n20.01 <a href=\"https:\/\/goo.gl\/photos\/4kj7ayJYn93iT81M9\" target=\"_blank\" rel=\"noopener\">Generalversammlung<\/a><\/p>\n<h1>2016<\/h1>\n<p>24.12 <a href=\"https:\/\/goo.gl\/photos\/XViMCM9GFFzkCatq6\" target=\"_blank\" rel=\"noopener noreferrer\">Friedenslicht 2016<\/a><br \/>\n27.11 <a href=\"https:\/\/goo.gl\/photos\/vr2XEoUzCsNGqae36\" target=\"_blank\" rel=\"noopener\">Adventnachmittag &#8211; Sing-in`-Bings 2016<\/a><br \/>\n08.10 <a href=\"https:\/\/goo.gl\/photos\/Xc7dU6f1KhZ7DJzL6\" target=\"_blank\" rel=\"noopener\">Ehrungsabend in Bludesch<\/a><br \/>\n19.09 <a href=\"https:\/\/goo.gl\/photos\/fbV7YNRuQrxbv5NL6\" target=\"_blank\" rel=\"noopener\">Bockbierfest Frastanz 2016<\/a><br \/>\n16.09. <a href=\"https:\/\/goo.gl\/photos\/sxZYGudrUVDNpDkh6\" target=\"_blank\" rel=\"noopener\">Hochzeit \u00b4von Birgit und Mathias D\u00fcnser<\/a><br \/>\n11.09. <a href=\"https:\/\/goo.gl\/photos\/q1ysbiJYS5UNfXes8\" target=\"_blank\" rel=\"noopener\">Fr\u00fchschoppen &#8211; Stallehr &#8222;im W\u00e4ldle&#8220;<\/a><br \/>\n26.08. <a href=\"https:\/\/goo.gl\/photos\/Br41ZnExkQm7Rv2y7\" target=\"_blank\" rel=\"noopener\">Goldene Hochzeit von Helga &amp; Elmar Sch\u00f6ch<\/a><br \/>\n25.08. <a href=\"https:\/\/goo.gl\/photos\/ee2ZfPYpyvnfRQHcA\" target=\"_blank\" rel=\"noopener\">Gebrutstagsst\u00e4ndchen Ehrenmitglied, Beirat und Ortsvorsteher von Bings &#8211; Edmund Jenny<\/a><br \/>\n04.08. <a href=\"https:\/\/goo.gl\/photos\/LuZ3yYehfBLpDbpu9\" target=\"_blank\" rel=\"noopener\">Diamantene Hochzeit von Anni und Herbert Jochum<\/a><br \/>\n19.07. <a href=\"https:\/\/goo.gl\/photos\/GVwu4VtL41hHJvDc8\" target=\"_blank\" rel=\"noopener noreferrer\">D\u00e4mmerschoppen in Radin<\/a><br \/>\n15.07. <a href=\"https:\/\/goo.gl\/photos\/LoXyJGuh2HW78PmVA\" target=\"_blank\" rel=\"noopener noreferrer\">SIKA Tag der offenen T\u00fcr<\/a><br \/>\n02.07. <a href=\"https:\/\/goo.gl\/photos\/a2AxmoLWrnCtUbzq8\" target=\"_blank\" rel=\"noopener noreferrer\">L\u00e4ttleschie\u00dfen der Funkenzunft Bings Stallehr Radin<\/a><br \/>\n01.07. <a href=\"https:\/\/goo.gl\/photos\/dd51qFrHpLDQRKuf7\" target=\"_blank\" rel=\"noopener noreferrer\">Hochzeit von Ingrid und Nesi<\/a><br \/>\n25.06. <a href=\"https:\/\/goo.gl\/photos\/M9TH7nXs2pZ1DJji9\" target=\"_blank\" rel=\"noopener noreferrer\">66. ARLBERGER MUSIKFEST &#8211; Kl\u00f6sterle<\/a><br \/>\n19.06. <a href=\"https:\/\/goo.gl\/photos\/UFBZyDUmQm9JkQu76\" target=\"_blank\" rel=\"noopener noreferrer\">Bezirksmusikfest Braz<\/a><br \/>\n17.06. <a href=\"https:\/\/goo.gl\/photos\/6ZmSkFYjkKkswBou9\" target=\"_blank\" rel=\"noopener noreferrer\">Hochzeit Cindy und Markus<\/a><br \/>\n03.06. <a href=\"https:\/\/goo.gl\/photos\/zHucNSztxjxahDng7\" target=\"_blank\" rel=\"noopener noreferrer\">Kulturnacht<\/a><br \/>\n26.05.&nbsp; <a href=\"https:\/\/goo.gl\/photos\/1P47hKqrcUtLRbTt6\" target=\"_blank\" rel=\"noopener noreferrer\">Fronleichnamsprozession<br \/>\n<\/a>07.05.&nbsp; <a href=\"https:\/\/goo.gl\/photos\/CLRebJNjFNnfmssA8\" target=\"_blank\" rel=\"noopener noreferrer\">Muttertagskonzert<br \/>\n<\/a>07.05.&nbsp; <a href=\"https:\/\/goo.gl\/photos\/EXARrcK885cTwVSN7\" target=\"_blank\" rel=\"noopener noreferrer\">Ehrungen und Verleihnung JMLA<br \/>\n<\/a>06.02.&nbsp; <a href=\"https:\/\/goo.gl\/photos\/jf1MYRJgwjiPbjoZ6\" target=\"_blank\" rel=\"noopener noreferrer\">Fasnatumzug<br \/>\n<\/a>01.02.&nbsp; <a href=\"https:\/\/goo.gl\/photos\/GG2VjuiovG1g9RkLA\" target=\"_blank\" rel=\"noopener noreferrer\">Musikball<\/a><\/p>\n<h1>2015<\/h1>\n<p>20.09. <a href=\"https:\/\/goo.gl\/photos\/xXdDTdRywFyomdnh9\" target=\"_blank\" rel=\"noopener noreferrer\">Bockbierfest Frastanz<br \/>\n<\/a>24.08. <a href=\"https:\/\/goo.gl\/photos\/SP1zzHGGcEVsm9Yf7\" target=\"_blank\" rel=\"noopener noreferrer\">Jungmusiker auf Fortbildung (Volksmusikseminar Bregenzerwald)<\/a><a href=\"https:\/\/goo.gl\/photos\/xXdDTdRywFyomdnh9\"><br \/>\n<\/a>22.08. <a href=\"https:\/\/goo.gl\/photos\/6HTSGpkD64siB8WD6\" target=\"_blank\" rel=\"noopener noreferrer\">Geburtstagsst\u00e4ndchen Bgm. Lothar Ladner &#8211; Lor\u00fcns<br \/>\n<\/a>31.07.<a href=\"https:\/\/goo.gl\/photos\/JfAYSwZ249JMuxePA\" target=\"_blank\" rel=\"noopener noreferrer\"> Hochzeit von Anja und Gerhard Walch<\/a><br \/>\n19.07. <a href=\"https:\/\/goo.gl\/photos\/i4SUKUrgWKJnp99G8\" target=\"_blank\" rel=\"noopener noreferrer\">Bezirksmusikfest Silbertal<\/a><br \/>\n12.07. <a href=\"https:\/\/goo.gl\/photos\/3Nr1CU9tDEQ9C9fs7\" target=\"_blank\" rel=\"noopener noreferrer\">Bezirksmusikfest Th\u00fcringerberg<\/a><br \/>\n04.07. <a href=\"https:\/\/goo.gl\/photos\/FZxx97XE9jJgQPr89\" target=\"_blank\" rel=\"noopener noreferrer\">L\u00e4ttleschie\u00dfen der Funkenzunft Bings-Stallehr-Radin<\/a><br \/>\n28.06. <a href=\"https:\/\/goo.gl\/photos\/EnAxB1SYxEr9pbYv5\" target=\"_blank\" rel=\"noopener noreferrer\">175 Jahre Trachtenmusikkapelle Bad Vigaun (3 Tage Musigusflug)<br \/>\n<\/a>19.06. <a href=\"https:\/\/goo.gl\/photos\/3hreaxksczBx7mKBA\" target=\"_blank\" rel=\"noopener noreferrer\">Silberhochzeit von Helga und Markus Luger (&amp; Helga Geburtstag)<\/a><br \/>\n14.06. <a href=\"https:\/\/goo.gl\/photos\/wMSnW8cREkxtPe7K7\" target=\"_blank\" rel=\"noopener noreferrer\">Weinfest Stallehr (VHM Stallehr Bings Radin)<\/a><br \/>\n09.06. <a href=\"https:\/\/goo.gl\/photos\/FRg2e3udgYM9XrtG9\" target=\"_blank\" rel=\"noopener noreferrer\">Muttertagskonzert 2015<\/a><br \/>\n05.06. <a href=\"https:\/\/goo.gl\/photos\/noznGR1hL1eAvxmd7\" target=\"_blank\" rel=\"noopener noreferrer\">Hochzeit Carmen und Christian Vonbank<\/a><br \/>\n02.04. <a href=\"https:\/\/goo.gl\/photos\/HD7oQT4KiwYT61fT7\" target=\"_blank\" rel=\"noopener noreferrer\">G\u00e4steehrung im Gasthof Alfenz<\/a><br \/>\n&#8230;<\/p>\n<p>u.v.m. (Fotoalben siehe Beitrag auf der Startseite oder im Archiv)<\/p>\n","protected":false},"excerpt":{"rendered":"<p>Hier findest du eine Auswahl an Links zu unseren Online Fotoalben bei Google Fotos 2026 21.02 Funken 14.02 Kinderfasnat 06.02 Musikball 20.01 Generalversammlung 2025 27.09 Ehrungsabend im Alpengastof Muttersberg 07.09 Brozer Herbstfest &#8222;ZW\u00dcSCHAT BLECH UND B\u00c4NK&#8220; 31,08 Er\u00f6ffnung des neuen Feuerwehrhauses der OF Bings-Stallehr 25.07 Arlberger Musikfest in Lech 15,06 Jungmusik erhielt Fahne 10.05 Muttertagskonzert &hellip; <a href=\"http:\/\/probelokal.at\/?page_id=21\" class=\"more-link\"><span class=\"screen-reader-text\">Fotos<\/span> weiterlesen <span class=\"meta-nav\">&rarr;<\/span><\/a><\/p>\n","protected":false},"author":1,"featured_media":0,"parent":0,"menu_order":0,"comment_status":"closed","ping_status":"closed","template":"","meta":{"ngg_post_thumbnail":0,"footnotes":""},"class_list":["post-21","page","type-page","status-publish","hentry"],"_links":{"self":[{"href":"http:\/\/probelokal.at\/index.php?rest_route=\/wp\/v2\/pages\/21","targetHints":{"allow":["GET"]}}],"collection":[{"href":"http:\/\/probelokal.at\/index.php?rest_route=\/wp\/v2\/pages"}],"about":[{"href":"http:\/\/probelokal.at\/index.php?rest_route=\/wp\/v2\/types\/page"}],"author":[{"embeddable":true,"href":"http:\/\/probelokal.at\/index.php?rest_route=\/wp\/v2\/users\/1"}],"replies":[{"embeddable":true,"href":"http:\/\/probelokal.at\/index.php?rest_route=%2Fwp%2Fv2%2Fcomments&post=21"}],"version-history":[{"count":93,"href":"http:\/\/probelokal.at\/index.php?rest_route=\/wp\/v2\/pages\/21\/revisions"}],"predecessor-version":[{"id":5895,"href":"http:\/\/probelokal.at\/index.php?rest_route=\/wp\/v2\/pages\/21\/revisions\/5895"}],"wp:attachment":[{"href":"http:\/\/probelokal.at\/index.php?rest_route=%2Fwp%2Fv2%2Fmedia&parent=21"}],"curies":[{"name":"wp","href":"https:\/\/api.w.org\/{rel}","templated":true}]}}