{"id":1819,"date":"2016-12-28T12:14:40","date_gmt":"2016-12-28T11:14:40","guid":{"rendered":"http:\/\/probelokal.at\/?page_id=1819"},"modified":"2024-01-15T07:14:53","modified_gmt":"2024-01-15T06:14:53","slug":"jungmusig","status":"publish","type":"page","link":"http:\/\/probelokal.at\/?page_id=1819","title":{"rendered":"Jungmusig"},"content":{"rendered":"<p><a href=\"http:\/\/probelokal.at\/wp-content\/uploads\/2022\/08\/Jungmusik_Foto_2022-scaled.jpg\"><img loading=\"lazy\" decoding=\"async\" class=\"alignnone wp-image-4457 \" src=\"http:\/\/probelokal.at\/wp-content\/uploads\/2022\/08\/Jungmusik_Foto_2022-300x225.jpg\" alt=\"\" width=\"504\" height=\"378\" srcset=\"http:\/\/probelokal.at\/wp-content\/uploads\/2022\/08\/Jungmusik_Foto_2022-300x225.jpg 300w, http:\/\/probelokal.at\/wp-content\/uploads\/2022\/08\/Jungmusik_Foto_2022-1024x768.jpg 1024w, http:\/\/probelokal.at\/wp-content\/uploads\/2022\/08\/Jungmusik_Foto_2022-768x576.jpg 768w, http:\/\/probelokal.at\/wp-content\/uploads\/2022\/08\/Jungmusik_Foto_2022-1536x1152.jpg 1536w, http:\/\/probelokal.at\/wp-content\/uploads\/2022\/08\/Jungmusik_Foto_2022-2048x1536.jpg 2048w\" sizes=\"auto, (max-width: 504px) 100vw, 504px\" \/><\/a><\/p>\n<h1>Aktuelle Beitr\u00e4ge der Jungmusig<\/h1>\n<div class=\"display-posts-listing\"><div class=\"listing-item\"><a class=\"title\" href=\"http:\/\/probelokal.at\/?p=4902\">Musikalische Fortbildung der Jungmusikanten<\/a> <span class=\"date\">10. Juli, 2023<\/span><div class=\"dps-listing-content\">\n<p>Neun Jungmusikanten der Harmoniemusik Stallehr \u2013 Bings \u2013 Radin nahmen am Bezirksseminar vom 10. bis 13.07.2023 in Tschagguns teil.<\/p>\n\n\n<div class=\"wp-block-image\">\n<figure class=\"aligncenter size-large\"><a href=\"http:\/\/probelokal.at\/wp-content\/uploads\/2023\/07\/20230713_Jungm-HM-Stallehr-002-1.jpg\"><img loading=\"lazy\" decoding=\"async\" width=\"1024\" height=\"872\" src=\"http:\/\/probelokal.at\/wp-content\/uploads\/2023\/07\/20230713_Jungm-HM-Stallehr-002-1-1024x872.jpg\" alt=\"\" class=\"wp-image-4906\" srcset=\"http:\/\/probelokal.at\/wp-content\/uploads\/2023\/07\/20230713_Jungm-HM-Stallehr-002-1-1024x872.jpg 1024w, http:\/\/probelokal.at\/wp-content\/uploads\/2023\/07\/20230713_Jungm-HM-Stallehr-002-1-300x255.jpg 300w, http:\/\/probelokal.at\/wp-content\/uploads\/2023\/07\/20230713_Jungm-HM-Stallehr-002-1-768x654.jpg 768w, http:\/\/probelokal.at\/wp-content\/uploads\/2023\/07\/20230713_Jungm-HM-Stallehr-002-1.jpg 1424w\" sizes=\"auto, (max-width: 1024px) 100vw, 1024px\" \/><\/a><figcaption><em>Foto\u00a9<\/em>Sascha W<\/figcaption><\/figure><\/div>\n\n\n<p>Der Blasmusikbezirk Bludenz lud heuer in der ersten Ferienwoche zum Jungbl\u00e4serseminar ins Schulsportzentrum Tschagguns ein und 60 Jungmusikanten folgten auch dieser Einladung. Vier Tage lang stand Musik, Musik, Musik aber auch sehr viel Spa\u00df auf dem Programm. Die Musiklehrer vermittelten den Jungmusikanten in den verschiedenen Ensembleproben viel Wissen und jeder konnte so sein K\u00f6nnen auf seinem Instrument verbessern. In den Orchesterproben wurde das Erlernte gemeinsam geprobt und dann nat\u00fcrlich beim gro\u00dfen Abschlusskonzert den Familien, Freunden und Musikkollegen aus den verschiedenen Musikvereinen mit Stolz pr\u00e4sentiert.<\/p>\n\n\n\n<p>Ein gro\u00dfer Dank gilt an dieser Stelle an die F\u00fchrungsmannschaft des Blasmusikbezirkes Bludenz und an Jasmin Studer und Christina Jenny f\u00fcr die gesamte Organisation dieses Musikseminares.<\/p>\n<\/div><\/div><div class=\"listing-item\"><a class=\"title\" href=\"http:\/\/probelokal.at\/?p=4762\">Flei\u00dfige Jungmusikanten<\/a> <span class=\"date\">8. September, 2022<\/span><div class=\"dps-listing-content\">\n<p>Vier Jungmusikanten der Harmoniemusik Stallehr-Bings-Radin besuchten das Jugendseminar im Schulsportzentrum in Tschagguns.<\/p>\n\n\n<div class=\"wp-block-image\">\n<figure class=\"aligncenter size-large is-resized\"><a href=\"http:\/\/probelokal.at\/wp-content\/uploads\/2022\/09\/20220908_Jugendseminar_001.jpg\"><img loading=\"lazy\" decoding=\"async\" src=\"http:\/\/probelokal.at\/wp-content\/uploads\/2022\/09\/20220908_Jugendseminar_001-1024x768.jpg\" alt=\"\" class=\"wp-image-4763\" width=\"489\" height=\"367\" srcset=\"http:\/\/probelokal.at\/wp-content\/uploads\/2022\/09\/20220908_Jugendseminar_001-1024x768.jpg 1024w, http:\/\/probelokal.at\/wp-content\/uploads\/2022\/09\/20220908_Jugendseminar_001-300x225.jpg 300w, http:\/\/probelokal.at\/wp-content\/uploads\/2022\/09\/20220908_Jugendseminar_001-768x576.jpg 768w, http:\/\/probelokal.at\/wp-content\/uploads\/2022\/09\/20220908_Jugendseminar_001-1536x1152.jpg 1536w, http:\/\/probelokal.at\/wp-content\/uploads\/2022\/09\/20220908_Jugendseminar_001.jpg 1600w\" sizes=\"auto, (max-width: 489px) 100vw, 489px\" \/><\/a><figcaption><em>Foto\u00a9 Sascha Walch<\/em><\/figcaption><\/figure><\/div>\n\n\n<p>Nach der Coronapause konnte heuer das Jugendseminar des Blasmusikbezirkes Bludenz wieder ausgeschrieben werden und nat\u00fcrlich meldeten sich gleich wieder zahlreiche Jungmusikanten an. Unter ihnen waren auch Elina Bachmann (Posaune), Katharina Walch (Horn), Luca Walch (Fl\u00fcgelhorn) und Linus Walch (Tenorhorn) von der HM Stallehr-Bings-Radin. Vier Tage wurden die Jungmusikanten von Musiklehrern im Ensemble- und Orchesterspiel unterrichtet und konnten somit ihr K\u00f6nnen verbessern. Beim Abschlusskonzert durften sich die Angeh\u00f6rigen und Vereinsfunktion\u00e4re von den musikalischen Fortschritten \u00fcberzeugen und die Seminarteilnehmer erhielten einen tosenden Applaus.<\/p>\n\n\n\n<p>Ein gro\u00dfer Dank gilt an dieser Stelle der Bezirksleitung, den Musiklehrern und Jasmin Studer, welche dieses Seminar wieder sehr professionell organisierten und leiteten. <\/p>\n<\/div><\/div><div class=\"listing-item\"><a class=\"title\" href=\"http:\/\/probelokal.at\/?p=4020\">Jungmusiker auf Weiterbildung<\/a> <span class=\"date\">12. September, 2020<\/span><div class=\"dps-listing-content\">\n<p class=\"has-medium-font-size\"><strong>Sechs Jungmusikanten der Harmoniemusik Stallehr \u2013 Bings \u2013 Radin nahmen am Jungbl\u00e4serseminar des Blasmusikbezirkes Bludenz teil.<\/strong><\/p>\n\n\n\n<figure class=\"wp-block-image\"><img loading=\"lazy\" decoding=\"async\" width=\"800\" height=\"600\" src=\"http:\/\/probelokal.at\/wp-content\/uploads\/2020\/09\/20200907_Seminar-2020.jpg\" alt=\"\" class=\"wp-image-4021\" srcset=\"http:\/\/probelokal.at\/wp-content\/uploads\/2020\/09\/20200907_Seminar-2020.jpg 800w, http:\/\/probelokal.at\/wp-content\/uploads\/2020\/09\/20200907_Seminar-2020-300x225.jpg 300w, http:\/\/probelokal.at\/wp-content\/uploads\/2020\/09\/20200907_Seminar-2020-768x576.jpg 768w\" sizes=\"auto, (max-width: 800px) 100vw, 800px\" \/><figcaption>Die 6 Seminarteilnehmer der HM Stallehr-Bings-Radin  <br>Foto \/ Sascha <\/figcaption><\/figure>\n\n\n\n<p>Dieses Jahr konnten aufgrund der erh\u00f6hten Hygienema\u00dfnahmen das Jungbl\u00e4serseminar nicht im Schulsportzentrum in Tschagguns mit \u00dcbernachtung angeboten werden, sondern es musste als Tagesseminar abgehalten werden. Als Ausweichort bot sich das Probelokal der HM B\u00fcrs und das Schulzentrum von B\u00fcrs an. Somit konnten sich die 73 Jungmusiker vier Tage lang, in der letzten Ferienwoche, musikalisch fortbilden.<br><br>Am Abschlussabend boten die Seminarteilnehmer in Form eines Abstandskonzertes ihr K\u00f6nnen im Freien dar und pr\u00e4sentierten stolz die Musikst\u00fccke in kleinen Ensembles als auch im gro\u00dfen Orchester.<br>Unter den Jungmusikern befanden sich auch 6 Jungmusikanten der HM Stallehr \u2013 Bings \u2013 Radin, welche sich auf diesem Wege nochmals bei der Bezirksleitung f\u00fcr die heuer au\u00dfergew\u00f6hnliche Organisation des Seminares bedanken m\u00f6chten!  <\/p>\n\n\n\n<p> <\/p>\n<\/div><\/div><div class=\"listing-item\"><a class=\"title\" href=\"http:\/\/probelokal.at\/?p=3730\">Vier Tage Musik &#8222;intensiv&#8220;<\/a> <span class=\"date\">6. September, 2019<\/span><div class=\"dps-listing-content\">\n<p>Von der Harmoniemusik Stallehr-Bings-Radin besuchten 8 Jungmusikanten das Musikseminar des Blasmusik-Bezirkes Bludenz.<\/p>\n\n\n\n<div class=\"wp-block-image\"><figure class=\"aligncenter\"><img decoding=\"async\" src=\"http:\/\/probelokal.at\/wp-content\/uploads\/2019\/09\/Seminarteilnehmer-HM-SBR-skaliert-1024x612.jpg\" alt=\"\" class=\"wp-image-3734\"\/><figcaption>Seminarteilnahmer der HM Stallehr-Bings-Radin,  <em>\u00a9 Sascha Walch<\/em> <\/figcaption><\/figure><\/div>\n\n\n\n<p>In der letzten Ferienwoche bot der Blasmusik-Bezirk Bludenz wieder ein Jungbl\u00e4serseminar an und beachtliche 84 Teilnehmer r\u00fcckten dazu in das Schulsportheim in Tschagguns ein. Vier Tage lang wurden die Nachwuchsmusiker von ihren Musiklehrern im praktischen Spiel, Theorie und heuer erstmals auch im Dirigieren fortgebildet. Zum Satzspiel kam noch das Orchesterspiel dazu, welches wohl die gr\u00f6\u00dfte Herausforderung f\u00fcr alle war. Beim Abschlusskonzert konnten sich die Familien und die Verantwortlichen der Musikkapellen vom Leistungszuwachs ihrer Jungmusikanten live \u00fcberzeugen und gratulierten den Musiklehrern und Musikanten mit kr\u00e4ftigem Applaus und &#8222;Zugabe&#8220; Rufen.<\/p>\n\n\n\n<p>Ein herzlicher Dank von Seiten der Musikkapellen gilt dem Bezirksvorstand und speziell der Seminarleiterin Jasmin Ritsch, dass es so eine sinnvolle Jugendfortbildung \u00fcberhaupt gibt und auch in den n\u00e4chsten Jahren geben wird.<\/p>\n<\/div><\/div><div class=\"listing-item\"><a class=\"title\" href=\"http:\/\/probelokal.at\/?p=3180\">Friedenslicht aus Betlehem 2018<\/a> <span class=\"date\">24. Dezember, 2018<\/span><div class=\"dps-listing-content\">\n<h1 class=\"wp-block-heading\"><\/h1>\n\n\n\n<div class=\"wp-block-image\"><figure class=\"alignright is-resized\"><img loading=\"lazy\" decoding=\"async\" src=\"http:\/\/probelokal.at\/wp-content\/uploads\/2019\/01\/20181224_Freiedenslicht_018-1024x576.jpg\" alt=\"\" class=\"wp-image-3186\" width=\"386\" height=\"214\"\/><figcaption> <br><em>\u00a9 Musik \/ Christian<\/em> <\/figcaption><\/figure><\/div>\n\n\n\n<p><strong>Am Montag, den 24.12.2018 sielte die Jungmusik der Harmoniemusik Stallehr-Bings-Radin beim der Friedenslichtaktion der Jugendfeuerwehr Bings-Stallehr einige Weihnachtslieder.<\/strong><\/p>\n\n\n\n<p>Die Bev\u00f6lkerung wurde mit Fr\u00fcchtepunsch, Gl\u00fchmost und Keksen begr\u00fc\u00dft.<br>F\u00fcr die kleinen Besucher wurden Fahrten mit dem Feuerwehrauto durchgef\u00fchrt, was den Kleinen sehr viel Spa\u00df bereitet hat.<\/p>\n\n\n\n<p>Die Jungmusik sowie die Musikanten\/innen der Harmoniemusik Stallehr-Bings-Radin w\u00fcnschen der Feuerwehr Bings-Stallehr, besonders der Feuerwehrjugend ein besinnliches Weihnachtsfest und ein gesundes und unfallfreies Jahr 2019.<\/p>\n\n\n\n<p><a href=\"https:\/\/photos.google.com\/u\/1\/share\/AF1QipOn9x76aOm3l4v3joVIL2XBcXu_hJ915h3JO0YJmGVZPV63bQP_r3d5hHbbxuadSA?key=b3dIQ2VDZE04ckhmSFptZndONkRDQmpXa1g3U1hn\" target=\"_blank\" rel=\"noreferrer noopener\" aria-label=\" (\u00f6ffnet in neuem Tab)\">Hier geht es weiter zu den Fotos&#8230;<\/a><\/p>\n<\/div><\/div><div class=\"listing-item\"><a class=\"title\" href=\"http:\/\/probelokal.at\/?p=3253\">Stimmungsvoller Adventnachmittag<\/a> <span class=\"date\">2. Dezember, 2018<\/span><div class=\"dps-listing-content\">\n<p class=\"has-medium-font-size\"><strong>Auch heuer organisierte der Chor Sing-in`-Bings wieder einen besinnlichen Adventnachmittag im Davennasaal.<\/strong><\/p>\n\n\n\n<div class=\"wp-block-image\"><figure class=\"alignright is-resized\"><img loading=\"lazy\" decoding=\"async\" src=\"http:\/\/probelokal.at\/wp-content\/uploads\/2019\/01\/20181202_Adventnachmittag_005-1024x576.jpg\" alt=\"\" class=\"wp-image-3263\" width=\"332\" height=\"186\" srcset=\"http:\/\/probelokal.at\/wp-content\/uploads\/2019\/01\/20181202_Adventnachmittag_005-1024x576.jpg 1024w, http:\/\/probelokal.at\/wp-content\/uploads\/2019\/01\/20181202_Adventnachmittag_005-300x169.jpg 300w, http:\/\/probelokal.at\/wp-content\/uploads\/2019\/01\/20181202_Adventnachmittag_005-768x432.jpg 768w, http:\/\/probelokal.at\/wp-content\/uploads\/2019\/01\/20181202_Adventnachmittag_005.jpg 1920w\" sizes=\"auto, (max-width: 332px) 100vw, 332px\" \/><figcaption> <br><em>Jungmusik der Harmoniemusik Stallehr-Bings-Radin \u00a9 Sascha Walch<\/em> <\/figcaption><\/figure><\/div>\n\n\n\n<p>Am ersten Adventsonntag lud Sing-in`-Bings zu einem abwechslungsreichen Adventnachmittag in den Davennasaal ein und die Besucher kamen in gro\u00dfer Zahl. Neben den K\u00f6stlichkeiten aus der K\u00fcche und vom Kuchenbuffet wurden die Besucher mit Beitr\u00e4gen der verschiedenen Gruppen verw\u00f6hnt. So konnten besinnliche Lieder von der Trachtensinggruppe B\u00fcrserberg und flotte englische Lieder vom Sunshine Ch\u00f6rle genossen werden. Sogar der veranstaltende Chor Sing-in`-Bings pr\u00e4sentierte einige Lieder zur Einstimmung. Mit der Hausmusik Huemer wurde die klassische Musik pr\u00e4sentiert und die <strong>Jungmusik der Harmoniemusik Stallehr-Bings-Radin <\/strong>spielte Adventst\u00fccke und eine \u201efetzige\u201c Zugabe. Zwischen den Musikbeitr\u00e4gen las Renate Neve passende Texte und Gedichte. F\u00fcr die B\u00fchnenkoordination und die Programmansagen war Helmut Pohl zust\u00e4ndig. Weiters konnten die G\u00e4ste weihnachtliche Dekoartikel und K\u00f6stlichkeiten beim Naschm\u00e4rktle im Foyer erwerben.<\/p>\n\n\n\n<div class=\"wp-block-image\"><figure class=\"alignright is-resized\"><img loading=\"lazy\" decoding=\"async\" src=\"http:\/\/probelokal.at\/wp-content\/uploads\/2019\/01\/20181202_Sing-in\u00b4-Bings.jpg\" alt=\"\" class=\"wp-image-3256\" width=\"363\" height=\"204\" srcset=\"http:\/\/probelokal.at\/wp-content\/uploads\/2019\/01\/20181202_Sing-in\u00b4-Bings.jpg 640w, http:\/\/probelokal.at\/wp-content\/uploads\/2019\/01\/20181202_Sing-in\u00b4-Bings-300x169.jpg 300w\" sizes=\"auto, (max-width: 363px) 100vw, 363px\" \/><figcaption> <br>Der Veranstalter Sing-in`-Bings war auch auf der B\u00fchne aktiv im Einsatz. SW&nbsp;\u00a9Sascha Walch <\/figcaption><\/figure><\/div>\n\n\n\n<p>\n\nDer kr\u00f6nende Abschluss des gem\u00fctlichen Nachmittags war sicher das gemeinsame singen aller Protagonisten des Liedes \u201eLeise rieselt der Schnee\u201c. Obfrau Carmen Schuler kann mit ihrem flei\u00dfigen Team stolz auf den gelungen Nachmittag sein und die Adventszeit vollends genie\u00dfen.\n\n<\/p>\n<\/div><\/div><div class=\"listing-item\"><a class=\"title\" href=\"http:\/\/probelokal.at\/?p=2320\">Jungmusik er\u00f6ffnete Muttertagskonzert<\/a> <span class=\"date\">12. Mai, 2018<\/span><div class=\"dps-listing-content\"><p>Von&nbsp;<strong>Gemeindereporter Doris Burtscher&nbsp;<\/strong><\/p>\n<h5><strong>Mit Musik und Muttertagsgedicht w\u00fcnschte die Jungmusik allen M\u00fcttern alles Gute.<\/strong><\/h5>\n<figure id=\"attachment_2325\" aria-describedby=\"caption-attachment-2325\" style=\"width: 300px\" class=\"wp-caption alignright\"><img loading=\"lazy\" decoding=\"async\" class=\"wp-image-2325 size-medium\" src=\"http:\/\/probelokal.at\/wp-content\/uploads\/2018\/05\/20180512_Muttertagskonzert_0002-300x169.jpg\" alt=\"\" width=\"300\" height=\"169\" srcset=\"http:\/\/probelokal.at\/wp-content\/uploads\/2018\/05\/20180512_Muttertagskonzert_0002-300x169.jpg 300w, http:\/\/probelokal.at\/wp-content\/uploads\/2018\/05\/20180512_Muttertagskonzert_0002.jpg 640w\" sizes=\"auto, (max-width: 300px) 100vw, 300px\" \/><figcaption id=\"caption-attachment-2325\" class=\"wp-caption-text\">Jungmusikanten 2018 \u00a9Doris Burtscher<\/figcaption><\/figure>\n<p>Unter der Leitung von Ehrenkapellmeister Willi Bitschnau sorgte die Jungmusik f\u00fcr einen fulminanten Auftakt des diesj\u00e4hrigen Muttertagskonzertes. \u201eForrest Gump\u201c und \u201eTheme from Jurassic Park\u201c hie\u00df es zu Beginn des Konzertabends im Davennasaal. Obmann Sascha Walch und Jugendbeirat Andreas Fritz \u00fcberreichten anl\u00e4sslich des Konzertes Marius Walch, Nepomuk Bitschnau und Birgit D\u00fcnser das Juniorabzeichen, Sarah Stadlmayr erhielt das begehrte Abzeichen in Bronze. Kim Frohner wurde zur erfolgreichen Teilnahme beim Bewerb \u201eMusik in kleinen Gruppen\u201c gratuliert. Das erste Konzert in der \u201egro\u00dfen Musik\u201c absolvierten mit Bravour Vanessa Tasser (Querfl\u00f6te), Katharina Meltzer (Klarinette) und Dejvid Muther auf dem Tenorhorn. Das Marketenderinnenteam wird durch Sarah Fritz und Vanessa Hatz verst\u00e4rkt. Obmann Sascha Walch konnte neben vielen Besuchern aus nah und fern auch viele Ehreng\u00e4ste im Davennasaal begr\u00fc\u00dfen. So gratulierten die B\u00fcrgermeister Matthias Luger, Mandi Katzenmayer, Lothar Ladner und Martin Burtscher zum Jubil\u00e4um und zum gelungenen Konzert. Auch Ortsvorsteher Edmund Jenny und einige Stadtr\u00e4te, sowie die Vertreter des Vorarlberger Blasmusikverbandes Helmut Schuler, Otmar M\u00fcller, Walter Knapp und Sarah Kapeller freuten sich \u00fcber den abwechslungsreichen Konzertabend.<\/p>\n\n\n<p><span style=\"text-decoration: underline;\"><a href=\"https:\/\/photos.app.goo.gl\/G5mQUzJkPosNYPTZ7\" target=\"_blank\" rel=\"noreferrer noopener\">Hier geht es zu den Fotos&#8230;&#8230;<\/a><\/span><\/p>\n<\/div><\/div><div class=\"listing-item\"><a class=\"title\" href=\"http:\/\/probelokal.at\/?p=2192\">Friedenslicht aus Betlehem 2017<\/a> <span class=\"date\">24. Dezember, 2017<\/span><div class=\"dps-listing-content\"><figure id=\"attachment_2195\" aria-describedby=\"caption-attachment-2195\" style=\"width: 300px\" class=\"wp-caption alignright\"><img loading=\"lazy\" decoding=\"async\" class=\"wp-image-2195 size-medium\" src=\"http:\/\/probelokal.at\/wp-content\/uploads\/2018\/01\/20171224_Friedenslicht-054-300x169.jpg\" alt=\"\" width=\"300\" height=\"169\" srcset=\"http:\/\/probelokal.at\/wp-content\/uploads\/2018\/01\/20171224_Friedenslicht-054-300x169.jpg 300w, http:\/\/probelokal.at\/wp-content\/uploads\/2018\/01\/20171224_Friedenslicht-054-768x432.jpg 768w, http:\/\/probelokal.at\/wp-content\/uploads\/2018\/01\/20171224_Friedenslicht-054-1024x576.jpg 1024w, http:\/\/probelokal.at\/wp-content\/uploads\/2018\/01\/20171224_Friedenslicht-054.jpg 1920w\" sizes=\"auto, (max-width: 300px) 100vw, 300px\" \/><figcaption id=\"caption-attachment-2195\" class=\"wp-caption-text\">Ehrenkapellmeister Willi Bitschnau mit der Jungmusik Foto \u00a9 Musik\/Christian<\/figcaption><\/figure>\n<p><strong>Am Sonntag, den 24.12.2017 sielten die&nbsp; Jungmusikanten&nbsp; der Harmoniemusik Stallehr-Bings-Radin unter der Leitung von&nbsp; Ehrenkapellmeister&nbsp; Willi Bitschnau&nbsp; beim der Friedenslichtaktion der Jugendfeuerwehr Bings-Stallehr einige Weihnachtslieder.<\/strong><\/p>\n<p>&nbsp;<\/p>\n<p>Die Bev\u00f6lkerung wurde mit Fr\u00fcchtepunsch, Gl\u00fchmost und Keksen begr\u00fc\u00dft.<br>F\u00fcr die kleinen Besucher wurden Fahrten mit dem Feuerwehrauto durchgef\u00fchrt, was den kleinen sehr viel Spa\u00df bereitet hat.<\/p>\n<p>Die Musikanten\/innen der Harmoniemusik Stallehr-Bings-Radin w\u00fcnschen der Feuerwehr Bings-Stallehr, besonders der Feuerwehrjugend ein besinnliches Weihnachtsfest und ein gesundes und unfallfreies Jahr 2018.<\/p>\n\n\n<p><span style=\"text-decoration: underline;\"><a href=\"https:\/\/photos.app.goo.gl\/kfizFUHLQMDSiZeFA\" target=\"_blank\" rel=\"noreferrer noopener\">Hier geht es zu den Fotos&#8230;&#8230;&#8230;<\/a><\/span><\/p>\n<\/div><\/div><div class=\"listing-item\"><a class=\"title\" href=\"http:\/\/probelokal.at\/?p=2163\">Jungmusik spielt beim Adventnachmittag<\/a> <span class=\"date\">3. Dezember, 2017<\/span><div class=\"dps-listing-content\"><h4><strong>Am ersten Adventsonntag lud der Verein Sing-in`-Bings zu einem stimmungsvollen Adventnachmittag in den Davennasaal ein.<\/strong><\/h4>\n<p><figure id=\"attachment_2172\" aria-describedby=\"caption-attachment-2172\" style=\"width: 300px\" class=\"wp-caption alignright\"><img loading=\"lazy\" decoding=\"async\" class=\"wp-image-2172 size-medium\" src=\"http:\/\/probelokal.at\/wp-content\/uploads\/2017\/12\/20171203_Adventnachmittag_004-300x169.jpg\" alt=\"\" width=\"300\" height=\"169\" srcset=\"http:\/\/probelokal.at\/wp-content\/uploads\/2017\/12\/20171203_Adventnachmittag_004-300x169.jpg 300w, http:\/\/probelokal.at\/wp-content\/uploads\/2017\/12\/20171203_Adventnachmittag_004.jpg 640w\" sizes=\"auto, (max-width: 300px) 100vw, 300px\" \/><figcaption id=\"caption-attachment-2172\" class=\"wp-caption-text\">Sing-in`-Bings lie\u00df sich f\u00fcr den Adventnachmittag vieles einfallen \u00a9Sascha Walch<\/figcaption><\/figure><\/p>\n<p>&nbsp;<\/p>\n<p>Die Mitglieder von Sing-in`-Bings, rundum Obfrau Carmen Schuler, empfingen und bewirteten die vielen Besucher\u00a0im adventlich geschm\u00fcckten Davennasaal. Neben einem kleinen Adventmarkt im Foyer des Saales, erfreuten auch die zahlreichen Darbietungen der mitwirkenden Gruppen. Zu Beginn und nat\u00fcrlich am Schluss brachten die Veranstalter Sing-in`-Bings ihre Lieder zum Besten. Gefolgt von der Bl\u00e4sergruppe Davenna 7, dem Huemer Trio, der Jungmusik der Harmoniemusik Stallehr-Bings-Radin, der Mundartdichterin Rosina Burtscher und dem Sunshine Ch\u00f6rle wurde ein abwechslungsreiches Programm geboten. Mit viel Applaus honorierten die begeisterten Besucher die Auftritte und sangen zum kr\u00f6nenden Abschluss gemeinsam das Lied \u201eLeise rieselt der Schnee\u201c.<\/p>\n<\/div><\/div><div class=\"listing-item\"><a class=\"title\" href=\"http:\/\/probelokal.at\/?p=2115\">Ausflug der Jungmusik der Harmoniemusik Stallehr &#8211; Bings \u2013 Radin<\/a> <span class=\"date\">11. September, 2017<\/span><div class=\"dps-listing-content\"><figure id=\"attachment_2117\" aria-describedby=\"caption-attachment-2117\" style=\"width: 300px\" class=\"wp-caption alignright\"><img loading=\"lazy\" decoding=\"async\" class=\"wp-image-2117 size-medium\" src=\"http:\/\/probelokal.at\/wp-content\/uploads\/2017\/09\/20170908_Waldseilpark-002-300x169.jpg\" alt=\"\" width=\"300\" height=\"169\" srcset=\"http:\/\/probelokal.at\/wp-content\/uploads\/2017\/09\/20170908_Waldseilpark-002-300x169.jpg 300w, http:\/\/probelokal.at\/wp-content\/uploads\/2017\/09\/20170908_Waldseilpark-002-768x432.jpg 768w, http:\/\/probelokal.at\/wp-content\/uploads\/2017\/09\/20170908_Waldseilpark-002-1024x576.jpg 1024w, http:\/\/probelokal.at\/wp-content\/uploads\/2017\/09\/20170908_Waldseilpark-002.jpg 1920w\" sizes=\"auto, (max-width: 300px) 100vw, 300px\" \/><figcaption id=\"caption-attachment-2117\" class=\"wp-caption-text\">Die Jungmusik Stallehr-Bings-Radin im ungewohnten Outfit &#8211; \u00a9 Sascha Walch<\/figcaption><\/figure>\n<p>Die Jungmusik der Harmoniemusik Stallehr \u2013 Bings \u2013 Radin machten am Freitag, den 08.09.2017 &nbsp;einen Ausflug in den Waldseilpark Golm.<\/p>\n<p>Einen ganz besonderen Nervenkitzel suchte Jugendreferent Andreas Fritz f\u00fcr seine Jungmusiker aus und w\u00e4hlte als Ausflugsziel den Waldseilpark am Golm. Dort galt es nicht nur die H\u00f6he zu \u00fcberwinden sondern auch einander zu helfen und die diversen Kletter- und Gleichgewichtsherausforderungen zu meistern. Begleitet wurden die Jungmusikanten auch noch von Ehrenmitglied Herbert Hebein und Obmann Sascha Walch. Nach den erbrachten Kletterleistungen konnten die Jugendlichen stolz auf sich sein und traten gemeinsam die Heimfahrt wieder an.<\/p>\n\n\n<p><span style=\"text-decoration: underline;\"><a href=\"https:\/\/photos.app.goo.gl\/kmikYJSGoiP2UBf83\" target=\"_blank\" rel=\"noreferrer noopener\">Hier geht es zu den Fotos&#8230;&#8230;.<\/a><\/span><\/p>\n<\/div><\/div><\/div>\n","protected":false},"excerpt":{"rendered":"<p>Aktuelle Beitr\u00e4ge der Jungmusig<\/p>\n","protected":false},"author":1,"featured_media":0,"parent":0,"menu_order":0,"comment_status":"closed","ping_status":"closed","template":"","meta":{"ngg_post_thumbnail":0,"footnotes":""},"class_list":["post-1819","page","type-page","status-publish","hentry","has-post-thumbnail"],"_links":{"self":[{"href":"http:\/\/probelokal.at\/index.php?rest_route=\/wp\/v2\/pages\/1819","targetHints":{"allow":["GET"]}}],"collection":[{"href":"http:\/\/probelokal.at\/index.php?rest_route=\/wp\/v2\/pages"}],"about":[{"href":"http:\/\/probelokal.at\/index.php?rest_route=\/wp\/v2\/types\/page"}],"author":[{"embeddable":true,"href":"http:\/\/probelokal.at\/index.php?rest_route=\/wp\/v2\/users\/1"}],"replies":[{"embeddable":true,"href":"http:\/\/probelokal.at\/index.php?rest_route=%2Fwp%2Fv2%2Fcomments&post=1819"}],"version-history":[{"count":2,"href":"http:\/\/probelokal.at\/index.php?rest_route=\/wp\/v2\/pages\/1819\/revisions"}],"predecessor-version":[{"id":4459,"href":"http:\/\/probelokal.at\/index.php?rest_route=\/wp\/v2\/pages\/1819\/revisions\/4459"}],"wp:attachment":[{"href":"http:\/\/probelokal.at\/index.php?rest_route=%2Fwp%2Fv2%2Fmedia&parent=1819"}],"curies":[{"name":"wp","href":"https:\/\/api.w.org\/{rel}","templated":true}]}}